{"id":77,"date":"2021-02-14T11:26:16","date_gmt":"2021-02-14T10:26:16","guid":{"rendered":"https:\/\/koerperoptimierer.de\/?page_id=77"},"modified":"2021-02-18T10:47:22","modified_gmt":"2021-02-18T09:47:22","slug":"faq","status":"publish","type":"page","link":"https:\/\/koerperoptimierer.de\/index.php\/faq\/","title":{"rendered":"FAQ"},"content":{"rendered":"\n<p><strong>Was ist K\u00f6rperOptimierer?<\/strong><\/p>\n\n\n\n<p>K\u00f6rperOptimierer hilft dir dabei deinen K\u00f6rper auf das n\u00e4chste Level zu bringen. Unterst\u00fctzt durch DNA-basierte Ern\u00e4hrung und Trainingseinheiten!<\/p>\n\n\n\n<p><strong>Wie funktioniert K\u00f6rperOptimierer?<\/strong><\/p>\n\n\n\n<p>Du kaufst das DNA-Paket bei uns im Shop. Diesen Test erh\u00e4ltst du innerhalb weniger Tage per Post. Den Test musst du anschlie\u00dfend ausf\u00fchren und an uns zur\u00fcck senden. Wir leiten ihn dann an unser Labor zur Analyse weiter. Das Resultat des Tests schicken wir dir dann wieder zur\u00fcck &#8211; nat\u00fcrlich mitsamt deinem individuellem Trainings- und Ern\u00e4hrungsplan. So erh\u00e4ltst du den &#8211; f\u00fcr deinen K\u00f6rper &#8211; optimalen Leitfaden, um deine Fitness auf deinen K\u00f6rper einzustellen.<\/p>\n\n\n\n<p><strong>\u00dcber welchen Versanddienstleister wird mein Paket versendet?<\/strong><\/p>\n\n\n\n<p>Wir versenden ausschlie\u00dflich per DHL Paket. Versandkosten: 5,99 Euro.<\/p>\n\n\n\n<p><strong>Wie lange dauert der Versand?<\/strong><\/p>\n\n\n\n<p>Der Versand dauert in der Regel 10-14 Tage.<\/p>\n\n\n\n<p><strong>Mit welchen Zahlungsmethoden kann ich bezahlen?<\/strong><\/p>\n\n\n\n<p>Du kannst per PayPal, Kreditkarte, Vorkasse, Lastschrift oder Rechnung bezahlen.<\/p>\n\n\n\n<p><strong>An wen kann ich mich bei Fragen wenden?<\/strong><\/p>\n\n\n\n<p>Schreibe uns einfach an info [at] koerperoptimierer.de<\/p>\n","protected":false},"excerpt":{"rendered":"<p>Was ist K\u00f6rperOptimierer? K\u00f6rperOptimierer hilft dir dabei deinen K\u00f6rper auf das n\u00e4chste Level zu bringen. Unterst\u00fctzt durch DNA-basierte Ern\u00e4hrung und Trainingseinheiten! Wie funktioniert K\u00f6rperOptimierer? Du kaufst das DNA-Paket bei uns im Shop. Diesen Test erh\u00e4ltst du innerhalb weniger Tage per Post. Den Test musst du anschlie\u00dfend ausf\u00fchren und an uns zur\u00fcck senden. Wir leiten ihn<\/p>\n<div class=\"more-link\">\n\t\t\t\t <a href=\"https:\/\/koerperoptimierer.de\/index.php\/faq\/\" class=\"theme-btn theme-btn-line hvr-bounce-to-right\">Weiterlesen<\/a>\n\t\t\t<\/div>\n","protected":false},"author":1,"featured_media":0,"parent":0,"menu_order":0,"comment_status":"closed","ping_status":"closed","template":"","meta":{"footnotes":""},"yoast_head":"<!-- This site is optimized with the Yoast SEO plugin v22.5 - https:\/\/yoast.com\/wordpress\/plugins\/seo\/ -->\n<title>FAQ - K\u00f6rperOptimierer by FiZ Karlstadt<\/title>\n<meta name=\"description\" content=\"In unseren FAQ beantworten wir eure wichtigsten Fragen zu unserem Unternehmen und unseren Produkten! Daneben stehen wir per Kontakt parat!\" \/>\n<meta name=\"robots\" content=\"index, follow, max-snippet:-1, max-image-preview:large, max-video-preview:-1\" \/>\n<link rel=\"canonical\" href=\"https:\/\/koerperoptimierer.de\/index.php\/faq\/\" \/>\n<meta property=\"og:locale\" content=\"de_DE\" \/>\n<meta property=\"og:type\" content=\"article\" \/>\n<meta property=\"og:title\" content=\"FAQ - K\u00f6rperOptimierer by FiZ Karlstadt\" \/>\n<meta property=\"og:description\" content=\"In unseren FAQ beantworten wir eure wichtigsten Fragen zu unserem Unternehmen und unseren Produkten! Daneben stehen wir per Kontakt parat!\" \/>\n<meta property=\"og:url\" content=\"https:\/\/koerperoptimierer.de\/index.php\/faq\/\" \/>\n<meta property=\"og:site_name\" content=\"K\u00f6rperOptimierer by FiZ Karlstadt\" \/>\n<meta property=\"article:modified_time\" content=\"2021-02-18T09:47:22+00:00\" \/>\n<meta name=\"twitter:card\" content=\"summary_large_image\" \/>\n<meta name=\"twitter:label1\" content=\"Gesch\u00e4tzte Lesezeit\" \/>\n\t<meta name=\"twitter:data1\" content=\"1\u00a0Minute\" \/>\n<script type=\"application\/ld+json\" class=\"yoast-schema-graph\">{\"@context\":\"https:\/\/schema.org\",\"@graph\":[{\"@type\":\"WebPage\",\"@id\":\"https:\/\/koerperoptimierer.de\/index.php\/faq\/\",\"url\":\"https:\/\/koerperoptimierer.de\/index.php\/faq\/\",\"name\":\"FAQ - K\u00f6rperOptimierer by FiZ Karlstadt\",\"isPartOf\":{\"@id\":\"https:\/\/koerperoptimierer.de\/#website\"},\"datePublished\":\"2021-02-14T10:26:16+00:00\",\"dateModified\":\"2021-02-18T09:47:22+00:00\",\"description\":\"In unseren FAQ beantworten wir eure wichtigsten Fragen zu unserem Unternehmen und unseren Produkten! Daneben stehen wir per Kontakt parat!\",\"breadcrumb\":{\"@id\":\"https:\/\/koerperoptimierer.de\/index.php\/faq\/#breadcrumb\"},\"inLanguage\":\"de\",\"potentialAction\":[{\"@type\":\"ReadAction\",\"target\":[\"https:\/\/koerperoptimierer.de\/index.php\/faq\/\"]}]},{\"@type\":\"BreadcrumbList\",\"@id\":\"https:\/\/koerperoptimierer.de\/index.php\/faq\/#breadcrumb\",\"itemListElement\":[{\"@type\":\"ListItem\",\"position\":1,\"name\":\"Startseite\",\"item\":\"https:\/\/koerperoptimierer.de\/\"},{\"@type\":\"ListItem\",\"position\":2,\"name\":\"FAQ\"}]},{\"@type\":\"WebSite\",\"@id\":\"https:\/\/koerperoptimierer.de\/#website\",\"url\":\"https:\/\/koerperoptimierer.de\/\",\"name\":\"K\u00f6rperOptimierer by FiZ Karlstadt\",\"description\":\"\",\"publisher\":{\"@id\":\"https:\/\/koerperoptimierer.de\/#organization\"},\"potentialAction\":[{\"@type\":\"SearchAction\",\"target\":{\"@type\":\"EntryPoint\",\"urlTemplate\":\"https:\/\/koerperoptimierer.de\/?s={search_term_string}\"},\"query-input\":\"required name=search_term_string\"}],\"inLanguage\":\"de\"},{\"@type\":\"Organization\",\"@id\":\"https:\/\/koerperoptimierer.de\/#organization\",\"name\":\"K\u00f6rperOptimierer by FiZ Karlstadt\",\"url\":\"https:\/\/koerperoptimierer.de\/\",\"logo\":{\"@type\":\"ImageObject\",\"inLanguage\":\"de\",\"@id\":\"https:\/\/koerperoptimierer.de\/#\/schema\/logo\/image\/\",\"url\":\"https:\/\/koerperoptimierer.de\/wp-content\/uploads\/2024\/01\/cropped-kleine-fizlogoneu-Kopieasdf-22-Kopie.jpg\",\"contentUrl\":\"https:\/\/koerperoptimierer.de\/wp-content\/uploads\/2024\/01\/cropped-kleine-fizlogoneu-Kopieasdf-22-Kopie.jpg\",\"width\":250,\"height\":87,\"caption\":\"K\u00f6rperOptimierer by FiZ Karlstadt\"},\"image\":{\"@id\":\"https:\/\/koerperoptimierer.de\/#\/schema\/logo\/image\/\"}}]}<\/script>\n<!-- \/ Yoast SEO plugin. -->","yoast_head_json":{"title":"FAQ - K\u00f6rperOptimierer by FiZ Karlstadt","description":"In unseren FAQ beantworten wir eure wichtigsten Fragen zu unserem Unternehmen und unseren Produkten! Daneben stehen wir per Kontakt parat!","robots":{"index":"index","follow":"follow","max-snippet":"max-snippet:-1","max-image-preview":"max-image-preview:large","max-video-preview":"max-video-preview:-1"},"canonical":"https:\/\/koerperoptimierer.de\/index.php\/faq\/","og_locale":"de_DE","og_type":"article","og_title":"FAQ - K\u00f6rperOptimierer by FiZ Karlstadt","og_description":"In unseren FAQ beantworten wir eure wichtigsten Fragen zu unserem Unternehmen und unseren Produkten! Daneben stehen wir per Kontakt parat!","og_url":"https:\/\/koerperoptimierer.de\/index.php\/faq\/","og_site_name":"K\u00f6rperOptimierer by FiZ Karlstadt","article_modified_time":"2021-02-18T09:47:22+00:00","twitter_card":"summary_large_image","twitter_misc":{"Gesch\u00e4tzte Lesezeit":"1\u00a0Minute"},"schema":{"@context":"https:\/\/schema.org","@graph":[{"@type":"WebPage","@id":"https:\/\/koerperoptimierer.de\/index.php\/faq\/","url":"https:\/\/koerperoptimierer.de\/index.php\/faq\/","name":"FAQ - K\u00f6rperOptimierer by FiZ Karlstadt","isPartOf":{"@id":"https:\/\/koerperoptimierer.de\/#website"},"datePublished":"2021-02-14T10:26:16+00:00","dateModified":"2021-02-18T09:47:22+00:00","description":"In unseren FAQ beantworten wir eure wichtigsten Fragen zu unserem Unternehmen und unseren Produkten! Daneben stehen wir per Kontakt parat!","breadcrumb":{"@id":"https:\/\/koerperoptimierer.de\/index.php\/faq\/#breadcrumb"},"inLanguage":"de","potentialAction":[{"@type":"ReadAction","target":["https:\/\/koerperoptimierer.de\/index.php\/faq\/"]}]},{"@type":"BreadcrumbList","@id":"https:\/\/koerperoptimierer.de\/index.php\/faq\/#breadcrumb","itemListElement":[{"@type":"ListItem","position":1,"name":"Startseite","item":"https:\/\/koerperoptimierer.de\/"},{"@type":"ListItem","position":2,"name":"FAQ"}]},{"@type":"WebSite","@id":"https:\/\/koerperoptimierer.de\/#website","url":"https:\/\/koerperoptimierer.de\/","name":"K\u00f6rperOptimierer by FiZ Karlstadt","description":"","publisher":{"@id":"https:\/\/koerperoptimierer.de\/#organization"},"potentialAction":[{"@type":"SearchAction","target":{"@type":"EntryPoint","urlTemplate":"https:\/\/koerperoptimierer.de\/?s={search_term_string}"},"query-input":"required name=search_term_string"}],"inLanguage":"de"},{"@type":"Organization","@id":"https:\/\/koerperoptimierer.de\/#organization","name":"K\u00f6rperOptimierer by FiZ Karlstadt","url":"https:\/\/koerperoptimierer.de\/","logo":{"@type":"ImageObject","inLanguage":"de","@id":"https:\/\/koerperoptimierer.de\/#\/schema\/logo\/image\/","url":"https:\/\/koerperoptimierer.de\/wp-content\/uploads\/2024\/01\/cropped-kleine-fizlogoneu-Kopieasdf-22-Kopie.jpg","contentUrl":"https:\/\/koerperoptimierer.de\/wp-content\/uploads\/2024\/01\/cropped-kleine-fizlogoneu-Kopieasdf-22-Kopie.jpg","width":250,"height":87,"caption":"K\u00f6rperOptimierer by FiZ Karlstadt"},"image":{"@id":"https:\/\/koerperoptimierer.de\/#\/schema\/logo\/image\/"}}]}},"_links":{"self":[{"href":"https:\/\/koerperoptimierer.de\/index.php\/wp-json\/wp\/v2\/pages\/77"}],"collection":[{"href":"https:\/\/koerperoptimierer.de\/index.php\/wp-json\/wp\/v2\/pages"}],"about":[{"href":"https:\/\/koerperoptimierer.de\/index.php\/wp-json\/wp\/v2\/types\/page"}],"author":[{"embeddable":true,"href":"https:\/\/koerperoptimierer.de\/index.php\/wp-json\/wp\/v2\/users\/1"}],"replies":[{"embeddable":true,"href":"https:\/\/koerperoptimierer.de\/index.php\/wp-json\/wp\/v2\/comments?post=77"}],"version-history":[{"count":4,"href":"https:\/\/koerperoptimierer.de\/index.php\/wp-json\/wp\/v2\/pages\/77\/revisions"}],"predecessor-version":[{"id":132,"href":"https:\/\/koerperoptimierer.de\/index.php\/wp-json\/wp\/v2\/pages\/77\/revisions\/132"}],"wp:attachment":[{"href":"https:\/\/koerperoptimierer.de\/index.php\/wp-json\/wp\/v2\/media?parent=77"}],"curies":[{"name":"wp","href":"https:\/\/api.w.org\/{rel}","templated":true}]}}