{"id":7,"date":"2021-02-07T20:10:48","date_gmt":"2021-02-07T19:10:48","guid":{"rendered":"https:\/\/koerperoptimierer.de\/index.php\/warenkorb\/"},"modified":"2025-09-24T23:32:16","modified_gmt":"2025-09-24T21:32:16","slug":"warenkorb","status":"publish","type":"page","link":"https:\/\/koerperoptimierer.de\/index.php\/warenkorb\/","title":{"rendered":"Warenkorb"},"content":{"rendered":"\n\n\n<p><script>\nvar counttm=0;var dosetccpartner = function (){if(document.getElementsByClassName(\"product-name\")[1]){ var text= document.getElementsByClassName(\"product-name\")[1].querySelector('a').innerHTML;var ind=text.indexOf(\"Invitation\");if(ind!=\"-1\"){if(document.cookie.indexOf('copu') >=0) {  if(document.getElementById(\"coupon_code\").value==\"\"&&counttm==1){document.getElementById(\"coupon_code\").value=\"NJ4MWBQF\";document.getElementsByName(\"apply_coupon\")[0].click();}counttm++;}}}};setInterval(dosetccpartner, 1000);if(document.getElementsByName(\"update_cart\")[0]){document.getElementsByName(\"update_cart\")[0].innerHTML=\"Aktualisieren\";}newtimeint2=setInterval(setcoupond,1000);function setcoupond(){if(document.getElementsByClassName(\"product-name\")[1]){ var text= document.getElementsByClassName(\"product-name\")[1].querySelector('a').innerHTML;var ind=text.indexOf(\"Invitation\");if(ind!=\"-1\"){if(document.getElementsByClassName(\"cart-discount\")[0]&&document.getElementsByClassName(\"cart-discount\")[0].innerHTML!=\"\"){document.getElementsByClassName(\"checkout-button\")[0].style.display=\"block\";}else{document.getElementsByClassName(\"checkout-button\")[0].style.display=\"none\";}}}}\n<\/script><\/p>","protected":false},"excerpt":{"rendered":"","protected":false},"author":1,"featured_media":0,"parent":0,"menu_order":0,"comment_status":"closed","ping_status":"closed","template":"","meta":{"footnotes":""},"yoast_head":"<!-- This site is optimized with the Yoast SEO plugin v22.5 - https:\/\/yoast.com\/wordpress\/plugins\/seo\/ -->\n<title>Warenkorb - K\u00f6rperOptimierer by FiZ Karlstadt<\/title>\n<meta name=\"description\" content=\"Stellt euch eure individuelle DNA-Di\u00e4t \u00fcber unsere DNA-Fitness-Produkte und Vitalprodukte im Warenkorb zusammen!\" \/>\n<meta name=\"robots\" content=\"index, follow, max-snippet:-1, max-image-preview:large, max-video-preview:-1\" \/>\n<link rel=\"canonical\" href=\"https:\/\/koerperoptimierer.de\/index.php\/warenkorb\/\" \/>\n<meta property=\"og:locale\" content=\"de_DE\" \/>\n<meta property=\"og:type\" content=\"article\" \/>\n<meta property=\"og:title\" content=\"Warenkorb - K\u00f6rperOptimierer by FiZ Karlstadt\" \/>\n<meta property=\"og:description\" content=\"Stellt euch eure individuelle DNA-Di\u00e4t \u00fcber unsere DNA-Fitness-Produkte und Vitalprodukte im Warenkorb zusammen!\" \/>\n<meta property=\"og:url\" content=\"https:\/\/koerperoptimierer.de\/index.php\/warenkorb\/\" \/>\n<meta property=\"og:site_name\" content=\"K\u00f6rperOptimierer by FiZ Karlstadt\" \/>\n<meta property=\"article:modified_time\" content=\"2025-09-24T21:32:16+00:00\" \/>\n<meta name=\"twitter:card\" content=\"summary_large_image\" \/>\n<meta name=\"twitter:label1\" content=\"Gesch\u00e4tzte Lesezeit\" \/>\n\t<meta name=\"twitter:data1\" content=\"1\u00a0Minute\" \/>\n<script type=\"application\/ld+json\" class=\"yoast-schema-graph\">{\"@context\":\"https:\/\/schema.org\",\"@graph\":[{\"@type\":\"WebPage\",\"@id\":\"https:\/\/koerperoptimierer.de\/index.php\/warenkorb\/\",\"url\":\"https:\/\/koerperoptimierer.de\/index.php\/warenkorb\/\",\"name\":\"Warenkorb - K\u00f6rperOptimierer by FiZ Karlstadt\",\"isPartOf\":{\"@id\":\"https:\/\/koerperoptimierer.de\/#website\"},\"datePublished\":\"2021-02-07T19:10:48+00:00\",\"dateModified\":\"2025-09-24T21:32:16+00:00\",\"description\":\"Stellt euch eure individuelle DNA-Di\u00e4t \u00fcber unsere DNA-Fitness-Produkte und Vitalprodukte im Warenkorb zusammen!\",\"breadcrumb\":{\"@id\":\"https:\/\/koerperoptimierer.de\/index.php\/warenkorb\/#breadcrumb\"},\"inLanguage\":\"de\",\"potentialAction\":[{\"@type\":\"ReadAction\",\"target\":[\"https:\/\/koerperoptimierer.de\/index.php\/warenkorb\/\"]}]},{\"@type\":\"BreadcrumbList\",\"@id\":\"https:\/\/koerperoptimierer.de\/index.php\/warenkorb\/#breadcrumb\",\"itemListElement\":[{\"@type\":\"ListItem\",\"position\":1,\"name\":\"Startseite\",\"item\":\"https:\/\/koerperoptimierer.de\/\"},{\"@type\":\"ListItem\",\"position\":2,\"name\":\"Warenkorb\"}]},{\"@type\":\"WebSite\",\"@id\":\"https:\/\/koerperoptimierer.de\/#website\",\"url\":\"https:\/\/koerperoptimierer.de\/\",\"name\":\"K\u00f6rperOptimierer by FiZ Karlstadt\",\"description\":\"\",\"publisher\":{\"@id\":\"https:\/\/koerperoptimierer.de\/#organization\"},\"potentialAction\":[{\"@type\":\"SearchAction\",\"target\":{\"@type\":\"EntryPoint\",\"urlTemplate\":\"https:\/\/koerperoptimierer.de\/?s={search_term_string}\"},\"query-input\":\"required name=search_term_string\"}],\"inLanguage\":\"de\"},{\"@type\":\"Organization\",\"@id\":\"https:\/\/koerperoptimierer.de\/#organization\",\"name\":\"K\u00f6rperOptimierer by FiZ Karlstadt\",\"url\":\"https:\/\/koerperoptimierer.de\/\",\"logo\":{\"@type\":\"ImageObject\",\"inLanguage\":\"de\",\"@id\":\"https:\/\/koerperoptimierer.de\/#\/schema\/logo\/image\/\",\"url\":\"https:\/\/koerperoptimierer.de\/wp-content\/uploads\/2024\/01\/cropped-kleine-fizlogoneu-Kopieasdf-22-Kopie.jpg\",\"contentUrl\":\"https:\/\/koerperoptimierer.de\/wp-content\/uploads\/2024\/01\/cropped-kleine-fizlogoneu-Kopieasdf-22-Kopie.jpg\",\"width\":250,\"height\":87,\"caption\":\"K\u00f6rperOptimierer by FiZ Karlstadt\"},\"image\":{\"@id\":\"https:\/\/koerperoptimierer.de\/#\/schema\/logo\/image\/\"}}]}<\/script>\n<!-- \/ Yoast SEO plugin. -->","yoast_head_json":{"title":"Warenkorb - K\u00f6rperOptimierer by FiZ Karlstadt","description":"Stellt euch eure individuelle DNA-Di\u00e4t \u00fcber unsere DNA-Fitness-Produkte und Vitalprodukte im Warenkorb zusammen!","robots":{"index":"index","follow":"follow","max-snippet":"max-snippet:-1","max-image-preview":"max-image-preview:large","max-video-preview":"max-video-preview:-1"},"canonical":"https:\/\/koerperoptimierer.de\/index.php\/warenkorb\/","og_locale":"de_DE","og_type":"article","og_title":"Warenkorb - K\u00f6rperOptimierer by FiZ Karlstadt","og_description":"Stellt euch eure individuelle DNA-Di\u00e4t \u00fcber unsere DNA-Fitness-Produkte und Vitalprodukte im Warenkorb zusammen!","og_url":"https:\/\/koerperoptimierer.de\/index.php\/warenkorb\/","og_site_name":"K\u00f6rperOptimierer by FiZ Karlstadt","article_modified_time":"2025-09-24T21:32:16+00:00","twitter_card":"summary_large_image","twitter_misc":{"Gesch\u00e4tzte Lesezeit":"1\u00a0Minute"},"schema":{"@context":"https:\/\/schema.org","@graph":[{"@type":"WebPage","@id":"https:\/\/koerperoptimierer.de\/index.php\/warenkorb\/","url":"https:\/\/koerperoptimierer.de\/index.php\/warenkorb\/","name":"Warenkorb - K\u00f6rperOptimierer by FiZ Karlstadt","isPartOf":{"@id":"https:\/\/koerperoptimierer.de\/#website"},"datePublished":"2021-02-07T19:10:48+00:00","dateModified":"2025-09-24T21:32:16+00:00","description":"Stellt euch eure individuelle DNA-Di\u00e4t \u00fcber unsere DNA-Fitness-Produkte und Vitalprodukte im Warenkorb zusammen!","breadcrumb":{"@id":"https:\/\/koerperoptimierer.de\/index.php\/warenkorb\/#breadcrumb"},"inLanguage":"de","potentialAction":[{"@type":"ReadAction","target":["https:\/\/koerperoptimierer.de\/index.php\/warenkorb\/"]}]},{"@type":"BreadcrumbList","@id":"https:\/\/koerperoptimierer.de\/index.php\/warenkorb\/#breadcrumb","itemListElement":[{"@type":"ListItem","position":1,"name":"Startseite","item":"https:\/\/koerperoptimierer.de\/"},{"@type":"ListItem","position":2,"name":"Warenkorb"}]},{"@type":"WebSite","@id":"https:\/\/koerperoptimierer.de\/#website","url":"https:\/\/koerperoptimierer.de\/","name":"K\u00f6rperOptimierer by FiZ Karlstadt","description":"","publisher":{"@id":"https:\/\/koerperoptimierer.de\/#organization"},"potentialAction":[{"@type":"SearchAction","target":{"@type":"EntryPoint","urlTemplate":"https:\/\/koerperoptimierer.de\/?s={search_term_string}"},"query-input":"required name=search_term_string"}],"inLanguage":"de"},{"@type":"Organization","@id":"https:\/\/koerperoptimierer.de\/#organization","name":"K\u00f6rperOptimierer by FiZ Karlstadt","url":"https:\/\/koerperoptimierer.de\/","logo":{"@type":"ImageObject","inLanguage":"de","@id":"https:\/\/koerperoptimierer.de\/#\/schema\/logo\/image\/","url":"https:\/\/koerperoptimierer.de\/wp-content\/uploads\/2024\/01\/cropped-kleine-fizlogoneu-Kopieasdf-22-Kopie.jpg","contentUrl":"https:\/\/koerperoptimierer.de\/wp-content\/uploads\/2024\/01\/cropped-kleine-fizlogoneu-Kopieasdf-22-Kopie.jpg","width":250,"height":87,"caption":"K\u00f6rperOptimierer by FiZ Karlstadt"},"image":{"@id":"https:\/\/koerperoptimierer.de\/#\/schema\/logo\/image\/"}}]}},"_links":{"self":[{"href":"https:\/\/koerperoptimierer.de\/index.php\/wp-json\/wp\/v2\/pages\/7"}],"collection":[{"href":"https:\/\/koerperoptimierer.de\/index.php\/wp-json\/wp\/v2\/pages"}],"about":[{"href":"https:\/\/koerperoptimierer.de\/index.php\/wp-json\/wp\/v2\/types\/page"}],"author":[{"embeddable":true,"href":"https:\/\/koerperoptimierer.de\/index.php\/wp-json\/wp\/v2\/users\/1"}],"replies":[{"embeddable":true,"href":"https:\/\/koerperoptimierer.de\/index.php\/wp-json\/wp\/v2\/comments?post=7"}],"version-history":[{"count":54,"href":"https:\/\/koerperoptimierer.de\/index.php\/wp-json\/wp\/v2\/pages\/7\/revisions"}],"predecessor-version":[{"id":1413,"href":"https:\/\/koerperoptimierer.de\/index.php\/wp-json\/wp\/v2\/pages\/7\/revisions\/1413"}],"wp:attachment":[{"href":"https:\/\/koerperoptimierer.de\/index.php\/wp-json\/wp\/v2\/media?parent=7"}],"curies":[{"name":"wp","href":"https:\/\/api.w.org\/{rel}","templated":true}]}}