{"id":34,"date":"2021-02-07T22:48:44","date_gmt":"2021-02-07T21:48:44","guid":{"rendered":"https:\/\/koerperoptimierer.de\/?page_id=34"},"modified":"2021-02-18T10:48:38","modified_gmt":"2021-02-18T09:48:38","slug":"impressum","status":"publish","type":"page","link":"https:\/\/koerperoptimierer.de\/index.php\/impressum\/","title":{"rendered":"Impressum"},"content":{"rendered":"\n<p>K\u00f6rperoptimierer ist ein Produkt von:<\/p>\n\n\n\n<p><strong>FiZ Karlstadt<\/strong><\/p>\n\n\n\n<p>Neue Bahnhofstrasse 14<\/p>\n\n\n\n<p>D \u2013 97753 Karlstadt<\/p>\n\n\n\n<p>Gesch\u00e4ftsf\u00fchrung:<br><strong>Patrick K\u00f6hler<\/strong><\/p>\n\n\n\n<p>97753 Karlstadt<\/p>\n\n\n\n<p>Gesch\u00e4ftsform:<br>Einzelunternehmen<\/p>\n\n\n\n<p>Tel.: +49 (0) 9353 \u2013 996934<\/p>\n\n\n\n<p>E-Mail: info@koerperoptimierer.de<\/p>\n\n\n\n<p>Steuernummer: 231\/238\/30342<\/p>\n\n\n\n<p>Handelsregister W\u00fcrzburg<br>Finanzamt Lohr<\/p>\n\n\n\n<p>Haftungsausschluss:<br>Haftung f\u00fcr Inhalte<br>Die Inhalte unserer Seiten wurden mit gr\u00f6\u00dfter Sorgfalt erstellt.<br>F\u00fcr die Richtigkeit, Vollst\u00e4ndigkeit und Aktualit\u00e4t der Inhalte k\u00f6nnen wir jedoch keine Gew\u00e4hr \u00fcbernehmen.<br>Als Diensteanbieter sind wir gem\u00e4\u00df Paragraph 7 Abs.1 TMG f\u00fcr eigene Inhalte auf diesen Seiten nach den allgemeinen Gesetzen verantwortlich.<br>Nach Paragraph bis 10 TMG sind wir als Diensteanbieter jedoch nicht verpflichtet, \u00fcbermittelte oder gespeicherte fremde Informationen zu \u00fcberwachen oder nach Umst\u00e4nden zu forschen, die auf eine rechtswidrige T\u00e4tigkeit hinweisen.<br>Verpflichtungen zur Entfernung oder Sperrung der Nutzung von Informationen nach den allgemeinen Gesetzen bleiben hiervon unber\u00fchrt.<br>Eine diesbez\u00fcgliche Haftung ist jedoch erst ab dem Zeitpunkt der Kenntnis einer konkreten Rechtsverletzung m\u00f6glich.<br>Bei Bekanntwerden von entsprechenden Rechtsverletzungen werden wir diese Inhalte umgehend entfernen.<\/p>\n\n\n\n<p>Haftung f\u00fcr Links<br>Unser Angebot enth\u00e4lt Links zu externen Webseiten Dritter, auf deren Inhalte wir keinen Einfluss haben.<br>Deshalb k\u00f6nnen wir f\u00fcr diese fremden Inhalte auch keine Gew\u00e4hr \u00fcbernehmen.<br>F\u00fcr die Inhalte der verlinkten Seiten ist stets der jeweilige Anbieter oder Betreiber der Seiten verantwortlich.<br>Die verlinkten Seiten wurden zum Zeitpunkt der Verlinkung auf m\u00f6gliche Rechtsverst\u00f6\u00dfe \u00fcberpr\u00fcft.<br>Rechtswidrige Inhalte waren zum Zeitpunkt der Verlinkung nicht erkennbar. Eine permanente inhaltliche Kontrolle der verlinkten Seiten ist jedoch ohne konkrete Anhaltspunkte einer Rechtsverletzung nicht zumutbar.<br>Bei Bekanntwerden von Rechtsverletzungen werden wir derartige Links umgehend entfernen.<\/p>\n\n\n\n<p>Urheberrecht<br>Die durch die Seitenbetreiber erstellten Inhalte und Werke auf diesen Seiten unterliegen dem deutschen Urheberrecht.<br>Die Vervielf\u00e4ltigung, Bearbeitung, Verbreitung und jede Art der Verwertung au\u00dferhalb der Grenzen des Urheberrechtes bed\u00fcrfen der schriftlichen Zustimmung des jeweiligen Autors bzw. Erstellers.<br>Downloads und Kopien dieser Seite sind nicht gestattet.<br>Soweit die Inhalte auf dieser Seite nicht vom Betreiber erstellt wurden, werden die Urheberrechte Dritter beachtet.<br>Insbesondere werden Inhalte Dritter als solche gekennzeichnet.<br>Sollten Sie trotzdem auf eine Urheberrechtsverletzung aufmerksam werden, bitten wir um einen entsprechenden Hinweis.<br>Bei Bekanntwerden von Rechtsverletzungen werden wir derartige Inhalte umgehend entfernen.<\/p>\n\n\n\n<p>Datenschutz<br>Wir weisen darauf hin, dass die Daten\u00fcbertragung im Internet (z.B. bei der Kommunikation per E-Mail) Sicherheitsl\u00fccken aufweisen kann.<br>Ein l\u00fcckenloser Schutz der Daten vor dem Zugriff durch Dritte ist nicht m\u00f6glich.<br>Der Nutzung von im Rahmen der Impressumspflicht ver\u00f6ffentlichten Kontaktdaten durch Dritte zur \u00fcbersendung von nicht ausdr\u00fccklich angeforderter Werbung und Informationsmaterialien wird hiermit ausdr\u00fccklich widersprochen.<br>Die Betreiber der Seiten behalten sich ausdr\u00fccklich rechtliche Schritte im Falle der unverlangten Zusendung von Werbeinformationen, etwa durch Spam-Mails, vor.<\/p>\n","protected":false},"excerpt":{"rendered":"<p>K\u00f6rperoptimierer ist ein Produkt von: FiZ Karlstadt Neue Bahnhofstrasse 14 D \u2013 97753 Karlstadt Gesch\u00e4ftsf\u00fchrung:Patrick K\u00f6hler 97753 Karlstadt Gesch\u00e4ftsform:Einzelunternehmen Tel.: +49 (0) 9353 \u2013 996934 E-Mail: info@koerperoptimierer.de Steuernummer: 231\/238\/30342 Handelsregister W\u00fcrzburgFinanzamt Lohr Haftungsausschluss:Haftung f\u00fcr InhalteDie Inhalte unserer Seiten wurden mit gr\u00f6\u00dfter Sorgfalt erstellt.F\u00fcr die Richtigkeit, Vollst\u00e4ndigkeit und Aktualit\u00e4t der Inhalte k\u00f6nnen wir jedoch keine Gew\u00e4hr<\/p>\n<div class=\"more-link\">\n\t\t\t\t <a href=\"https:\/\/koerperoptimierer.de\/index.php\/impressum\/\" class=\"theme-btn theme-btn-line hvr-bounce-to-right\">Weiterlesen<\/a>\n\t\t\t<\/div>\n","protected":false},"author":1,"featured_media":0,"parent":0,"menu_order":0,"comment_status":"closed","ping_status":"closed","template":"","meta":{"footnotes":""},"yoast_head":"<!-- This site is optimized with the Yoast SEO plugin v22.5 - https:\/\/yoast.com\/wordpress\/plugins\/seo\/ -->\n<title>Impressum - K\u00f6rperOptimierer by FiZ Karlstadt<\/title>\n<meta name=\"description\" content=\"Impressum von K\u00f6rperOptimierer.de. Alle essentiellen Daten bzw. verpflichtenden Angaben zum Unternehmen sind hier aufgelistet.\" \/>\n<meta name=\"robots\" content=\"index, follow, max-snippet:-1, max-image-preview:large, max-video-preview:-1\" \/>\n<link rel=\"canonical\" href=\"https:\/\/koerperoptimierer.de\/index.php\/impressum\/\" \/>\n<meta property=\"og:locale\" content=\"de_DE\" \/>\n<meta property=\"og:type\" content=\"article\" \/>\n<meta property=\"og:title\" content=\"Impressum - K\u00f6rperOptimierer by FiZ Karlstadt\" \/>\n<meta property=\"og:description\" content=\"Impressum von K\u00f6rperOptimierer.de. Alle essentiellen Daten bzw. verpflichtenden Angaben zum Unternehmen sind hier aufgelistet.\" \/>\n<meta property=\"og:url\" content=\"https:\/\/koerperoptimierer.de\/index.php\/impressum\/\" \/>\n<meta property=\"og:site_name\" content=\"K\u00f6rperOptimierer by FiZ Karlstadt\" \/>\n<meta property=\"article:modified_time\" content=\"2021-02-18T09:48:38+00:00\" \/>\n<meta name=\"twitter:card\" content=\"summary_large_image\" \/>\n<meta name=\"twitter:label1\" content=\"Gesch\u00e4tzte Lesezeit\" \/>\n\t<meta name=\"twitter:data1\" content=\"2\u00a0Minuten\" \/>\n<script type=\"application\/ld+json\" class=\"yoast-schema-graph\">{\"@context\":\"https:\/\/schema.org\",\"@graph\":[{\"@type\":\"WebPage\",\"@id\":\"https:\/\/koerperoptimierer.de\/index.php\/impressum\/\",\"url\":\"https:\/\/koerperoptimierer.de\/index.php\/impressum\/\",\"name\":\"Impressum - K\u00f6rperOptimierer by FiZ Karlstadt\",\"isPartOf\":{\"@id\":\"https:\/\/koerperoptimierer.de\/#website\"},\"datePublished\":\"2021-02-07T21:48:44+00:00\",\"dateModified\":\"2021-02-18T09:48:38+00:00\",\"description\":\"Impressum von K\u00f6rperOptimierer.de. Alle essentiellen Daten bzw. verpflichtenden Angaben zum Unternehmen sind hier aufgelistet.\",\"breadcrumb\":{\"@id\":\"https:\/\/koerperoptimierer.de\/index.php\/impressum\/#breadcrumb\"},\"inLanguage\":\"de\",\"potentialAction\":[{\"@type\":\"ReadAction\",\"target\":[\"https:\/\/koerperoptimierer.de\/index.php\/impressum\/\"]}]},{\"@type\":\"BreadcrumbList\",\"@id\":\"https:\/\/koerperoptimierer.de\/index.php\/impressum\/#breadcrumb\",\"itemListElement\":[{\"@type\":\"ListItem\",\"position\":1,\"name\":\"Startseite\",\"item\":\"https:\/\/koerperoptimierer.de\/\"},{\"@type\":\"ListItem\",\"position\":2,\"name\":\"Impressum\"}]},{\"@type\":\"WebSite\",\"@id\":\"https:\/\/koerperoptimierer.de\/#website\",\"url\":\"https:\/\/koerperoptimierer.de\/\",\"name\":\"K\u00f6rperOptimierer by FiZ Karlstadt\",\"description\":\"\",\"publisher\":{\"@id\":\"https:\/\/koerperoptimierer.de\/#organization\"},\"potentialAction\":[{\"@type\":\"SearchAction\",\"target\":{\"@type\":\"EntryPoint\",\"urlTemplate\":\"https:\/\/koerperoptimierer.de\/?s={search_term_string}\"},\"query-input\":\"required name=search_term_string\"}],\"inLanguage\":\"de\"},{\"@type\":\"Organization\",\"@id\":\"https:\/\/koerperoptimierer.de\/#organization\",\"name\":\"K\u00f6rperOptimierer by FiZ Karlstadt\",\"url\":\"https:\/\/koerperoptimierer.de\/\",\"logo\":{\"@type\":\"ImageObject\",\"inLanguage\":\"de\",\"@id\":\"https:\/\/koerperoptimierer.de\/#\/schema\/logo\/image\/\",\"url\":\"https:\/\/koerperoptimierer.de\/wp-content\/uploads\/2024\/01\/cropped-kleine-fizlogoneu-Kopieasdf-22-Kopie.jpg\",\"contentUrl\":\"https:\/\/koerperoptimierer.de\/wp-content\/uploads\/2024\/01\/cropped-kleine-fizlogoneu-Kopieasdf-22-Kopie.jpg\",\"width\":250,\"height\":87,\"caption\":\"K\u00f6rperOptimierer by FiZ Karlstadt\"},\"image\":{\"@id\":\"https:\/\/koerperoptimierer.de\/#\/schema\/logo\/image\/\"}}]}<\/script>\n<!-- \/ Yoast SEO plugin. -->","yoast_head_json":{"title":"Impressum - K\u00f6rperOptimierer by FiZ Karlstadt","description":"Impressum von K\u00f6rperOptimierer.de. Alle essentiellen Daten bzw. verpflichtenden Angaben zum Unternehmen sind hier aufgelistet.","robots":{"index":"index","follow":"follow","max-snippet":"max-snippet:-1","max-image-preview":"max-image-preview:large","max-video-preview":"max-video-preview:-1"},"canonical":"https:\/\/koerperoptimierer.de\/index.php\/impressum\/","og_locale":"de_DE","og_type":"article","og_title":"Impressum - K\u00f6rperOptimierer by FiZ Karlstadt","og_description":"Impressum von K\u00f6rperOptimierer.de. Alle essentiellen Daten bzw. verpflichtenden Angaben zum Unternehmen sind hier aufgelistet.","og_url":"https:\/\/koerperoptimierer.de\/index.php\/impressum\/","og_site_name":"K\u00f6rperOptimierer by FiZ Karlstadt","article_modified_time":"2021-02-18T09:48:38+00:00","twitter_card":"summary_large_image","twitter_misc":{"Gesch\u00e4tzte Lesezeit":"2\u00a0Minuten"},"schema":{"@context":"https:\/\/schema.org","@graph":[{"@type":"WebPage","@id":"https:\/\/koerperoptimierer.de\/index.php\/impressum\/","url":"https:\/\/koerperoptimierer.de\/index.php\/impressum\/","name":"Impressum - K\u00f6rperOptimierer by FiZ Karlstadt","isPartOf":{"@id":"https:\/\/koerperoptimierer.de\/#website"},"datePublished":"2021-02-07T21:48:44+00:00","dateModified":"2021-02-18T09:48:38+00:00","description":"Impressum von K\u00f6rperOptimierer.de. Alle essentiellen Daten bzw. verpflichtenden Angaben zum Unternehmen sind hier aufgelistet.","breadcrumb":{"@id":"https:\/\/koerperoptimierer.de\/index.php\/impressum\/#breadcrumb"},"inLanguage":"de","potentialAction":[{"@type":"ReadAction","target":["https:\/\/koerperoptimierer.de\/index.php\/impressum\/"]}]},{"@type":"BreadcrumbList","@id":"https:\/\/koerperoptimierer.de\/index.php\/impressum\/#breadcrumb","itemListElement":[{"@type":"ListItem","position":1,"name":"Startseite","item":"https:\/\/koerperoptimierer.de\/"},{"@type":"ListItem","position":2,"name":"Impressum"}]},{"@type":"WebSite","@id":"https:\/\/koerperoptimierer.de\/#website","url":"https:\/\/koerperoptimierer.de\/","name":"K\u00f6rperOptimierer by FiZ Karlstadt","description":"","publisher":{"@id":"https:\/\/koerperoptimierer.de\/#organization"},"potentialAction":[{"@type":"SearchAction","target":{"@type":"EntryPoint","urlTemplate":"https:\/\/koerperoptimierer.de\/?s={search_term_string}"},"query-input":"required name=search_term_string"}],"inLanguage":"de"},{"@type":"Organization","@id":"https:\/\/koerperoptimierer.de\/#organization","name":"K\u00f6rperOptimierer by FiZ Karlstadt","url":"https:\/\/koerperoptimierer.de\/","logo":{"@type":"ImageObject","inLanguage":"de","@id":"https:\/\/koerperoptimierer.de\/#\/schema\/logo\/image\/","url":"https:\/\/koerperoptimierer.de\/wp-content\/uploads\/2024\/01\/cropped-kleine-fizlogoneu-Kopieasdf-22-Kopie.jpg","contentUrl":"https:\/\/koerperoptimierer.de\/wp-content\/uploads\/2024\/01\/cropped-kleine-fizlogoneu-Kopieasdf-22-Kopie.jpg","width":250,"height":87,"caption":"K\u00f6rperOptimierer by FiZ Karlstadt"},"image":{"@id":"https:\/\/koerperoptimierer.de\/#\/schema\/logo\/image\/"}}]}},"_links":{"self":[{"href":"https:\/\/koerperoptimierer.de\/index.php\/wp-json\/wp\/v2\/pages\/34"}],"collection":[{"href":"https:\/\/koerperoptimierer.de\/index.php\/wp-json\/wp\/v2\/pages"}],"about":[{"href":"https:\/\/koerperoptimierer.de\/index.php\/wp-json\/wp\/v2\/types\/page"}],"author":[{"embeddable":true,"href":"https:\/\/koerperoptimierer.de\/index.php\/wp-json\/wp\/v2\/users\/1"}],"replies":[{"embeddable":true,"href":"https:\/\/koerperoptimierer.de\/index.php\/wp-json\/wp\/v2\/comments?post=34"}],"version-history":[{"count":2,"href":"https:\/\/koerperoptimierer.de\/index.php\/wp-json\/wp\/v2\/pages\/34\/revisions"}],"predecessor-version":[{"id":59,"href":"https:\/\/koerperoptimierer.de\/index.php\/wp-json\/wp\/v2\/pages\/34\/revisions\/59"}],"wp:attachment":[{"href":"https:\/\/koerperoptimierer.de\/index.php\/wp-json\/wp\/v2\/media?parent=34"}],"curies":[{"name":"wp","href":"https:\/\/api.w.org\/{rel}","templated":true}]}}