{"id":32,"date":"2021-02-07T22:43:30","date_gmt":"2021-02-07T21:43:30","guid":{"rendered":"https:\/\/koerperoptimierer.de\/?page_id=32"},"modified":"2026-01-29T22:22:34","modified_gmt":"2026-01-29T21:22:34","slug":"agb","status":"publish","type":"page","link":"https:\/\/koerperoptimierer.de\/index.php\/agb\/","title":{"rendered":"AGB"},"content":{"rendered":"\n<p>1) Geltungsbereich<\/p>\n\n\n\n<p>1.1\u2009Diese Allgemeinen Gesch\u00e4ftsbedingungen (nachfolgend \u201eAGB\u201c) von K\u00f6rperoptimierer, handelnd unter FiZ Karlstadt (nachfolgend \u201eVerk\u00e4ufer\u201c), gelten f\u00fcr alle Vertr\u00e4ge \u00fcber die Lieferung von Waren, die ein Verbraucher oder Unternehmer (nachfolgend \u201eKunde\u201c) mit dem Verk\u00e4ufer hinsichtlich der vom Verk\u00e4ufer in seinem Online-Shop dargestellten Waren abschlie\u00dft. Hiermit wird der Einbeziehung von eigenen Bedingungen des Kunden widersprochen, es sei denn, es ist etwas anderes vereinbart.<\/p>\n\n\n\n<p>1.2\u2009Verbraucher im Sinne dieser AGB ist jede nat\u00fcrliche Person, die ein Rechtsgesch\u00e4ft zu Zwecken abschlie\u00dft, die \u00fcberwiegend weder ihrer gewerblichen noch ihrer selbst\u00e4ndigen beruflichen T\u00e4tigkeit zugerechnet werden k\u00f6nnen. Unternehmer im Sinne dieser AGB ist eine nat\u00fcrliche oder juristische Person oder eine rechtsf\u00e4hige Personengesellschaft, die bei Abschluss eines Rechtsgesch\u00e4fts in Aus\u00fcbung ihrer gewerblichen oder selbst\u00e4ndigen beruflichen T\u00e4tigkeit handelt.<\/p>\n\n\n\n<p>2) Vertragsschluss<\/p>\n\n\n\n<p>2.1\u2009Die im Online-Shop des Verk\u00e4ufers enthaltenen Produktbeschreibungen stellen keine verbindlichen Angebote seitens des Verk\u00e4ufers dar, sondern dienen zur Abgabe eines verbindlichen Angebots durch den Kunden.<\/p>\n\n\n\n<p>2.2\u2009Der Kunde kann das Angebot \u00fcber das in den Online-Shop des Verk\u00e4ufers integrierte Online-Bestellformular abgeben. Dabei gibt der Kunde, nachdem er die ausgew\u00e4hlten Waren in den virtuellen Warenkorb gelegt und den elektronischen Bestellprozess durchlaufen hat, durch Klicken des den Bestellvorgang abschlie\u00dfenden Buttons ein rechtlich verbindliches Vertragsangebot in Bezug auf die im Warenkorb enthaltenen Waren ab. Ferner kann der Kunde das Angebot auch telefonisch oder per E-Mail gegen\u00fcber dem Verk\u00e4ufer abgeben.<\/p>\n\n\n\n<p>2.3\u2009Der Verk\u00e4ufer kann das Angebot des Kunden innerhalb von f\u00fcnf Tagen annehmen, indem er dem Kunden eine schriftliche Auftragsbest\u00e4tigung oder eine Auftragsbest\u00e4tigung in Textform (Fax oder E-Mail) \u00fcbermittelt, wobei insoweit der Zugang der Auftragsbest\u00e4tigung beim Kunden ma\u00dfgeblich ist, oder indem er dem Kunden die bestellte Ware liefert, wobei insoweit der Zugang der Ware beim Kunden ma\u00dfgeblich ist, oder<br>indem er den Kunden nach Abgabe von dessen Bestellung zur Zahlung auffordert.<\/p>\n\n\n\n<p>Liegen mehrere der vorgenannten Alternativen vor, kommt der Vertrag in dem Zeitpunkt zustande, in dem eine der vorgenannten Alternativen zuerst eintritt. Die Frist zur Annahme des Angebots beginnt am Tag nach der Absendung des Angebots durch den Kunden zu laufen und endet mit dem Ablauf des f\u00fcnften Tages, welcher auf die Absendung des Angebots folgt. Nimmt der Verk\u00e4ufer das Angebot des Kunden innerhalb vorgenannter Frist nicht an, so gilt dies als Ablehnung des Angebots mit der Folge, dass der Kunde nicht mehr an seine Willenserkl\u00e4rung gebunden ist.<\/p>\n\n\n\n<p>2.4 Bei Auswahl einer von PayPal angebotenen Zahlungsart erfolgt die Zahlungsabwicklung \u00fcber den Zahlungsdienstleister PayPal (Europe) S.\u00e0 r.l. et Cie, S.C.A., 22-24 Boulevard Royal, L-2449 Luxembourg (im Folgenden: \u201ePayPal\u201c), unter Geltung der PayPal-Nutzungsbedingungen, einsehbar unter https:\/\/www.paypal.com\/de\/webapps\/mpp\/ua\/useragreement-full oder &#8211; falls der Kunde nicht \u00fcber ein PayPal-Konto verf\u00fcgt \u2013 unter Geltung der Bedingungen f\u00fcr Zahlungen ohne PayPal-Konto, einsehbar unter https:\/\/www.paypal.com\/de\/webapps\/mpp\/ua\/privacywax-full. Zahlt der Kunde mittels einer im Online-Bestellvorgang ausw\u00e4hlbaren von PayPal angebotenen Zahlungsart, erkl\u00e4rt der Verk\u00e4ufer schon jetzt die Annahme des Angebots des Kunden in dem Zeitpunkt, in dem der Kunde den den Bestellvorgang abschlie\u00dfenden Button anklickt.<\/p>\n\n\n\n<p>2.5\u2009Bei der Abgabe eines Angebots \u00fcber das Online-Bestellformular des Verk\u00e4ufers wird der Vertragstext nach dem Vertragsschluss vom Verk\u00e4ufer gespeichert und dem Kunden nach Absendung von dessen Bestellung in Textform (z. B. E-Mail, Fax oder Brief) \u00fcbermittelt. Eine dar\u00fcber hinausgehende Zug\u00e4nglichmachung des Vertragstextes durch den Verk\u00e4ufer erfolgt nicht. Sofern der Kunde vor Absendung seiner Bestellung ein Nutzerkonto im Online-Shop des Verk\u00e4ufers eingerichtet hat, werden die Bestelldaten auf der Website des Verk\u00e4ufers archiviert und k\u00f6nnen vom Kunden \u00fcber dessen passwortgesch\u00fctztes Nutzerkonto unter Angabe der entsprechenden Login-Daten kostenlos abgerufen werden.<\/p>\n\n\n\n<p>2.6\u2009Vor verbindlicher Abgabe der Bestellung \u00fcber das Online-Bestellformular des Verk\u00e4ufers kann der Kunde m\u00f6gliche Eingabefehler durch aufmerksames Lesen der auf dem Bildschirm dargestellten Informationen erkennen. Ein wirksames technisches Mittel zur besseren Erkennung von Eingabefehlern kann dabei die Vergr\u00f6\u00dferungsfunktion des Browsers sein, mit deren Hilfe die Darstellung auf dem Bildschirm vergr\u00f6\u00dfert wird. Seine Eingaben kann der Kunde im Rahmen des elektronischen Bestellprozesses so lange \u00fcber die \u00fcblichen Tastatur- und Mausfunktionen korrigieren, bis er den den Bestellvorgang abschlie\u00dfenden Button anklickt.<\/p>\n\n\n\n<p>2.7\u2009F\u00fcr den Vertragsschluss stehen die deutsche Sprache zur Verf\u00fcgung.<\/p>\n\n\n\n<p>2.8\u2009Die Bestellabwicklung und Kontaktaufnahme finden in der Regel per E-Mail und automatisierter Bestellabwicklung statt. Der Kunde hat sicherzustellen, dass die von ihm zur Bestellabwicklung angegebene E-Mail-Adresse zutreffend ist, so dass unter dieser Adresse die vom Verk\u00e4ufer versandten E-Mails empfangen werden k\u00f6nnen. Insbesondere hat der Kunde bei dem Einsatz von SPAM-Filtern sicherzustellen, dass alle vom Verk\u00e4ufer oder von diesem mit der Bestellabwicklung beauftragten Dritten versandten E-Mails zugestellt werden k\u00f6nnen.<\/p>\n\n\n\n<p>3) Widerrufsrecht<\/p>\n\n\n\n<p>3.1\u2009Verbrauchern steht grunds\u00e4tzlich ein Widerrufsrecht zu.<\/p>\n\n\n\n<p>3.2\u2009N\u00e4here Informationen zum Widerrufsrecht ergeben sich aus der Widerrufsbelehrung des Verk\u00e4ufers.<\/p>\n\n\n\n<p>3.3\u2009Das Widerrufsrecht gilt nicht f\u00fcr Verbraucher, die zum Zeitpunkt des Vertragsschlusses keinem Mitgliedstaat der Europ\u00e4ischen Union angeh\u00f6ren und deren alleiniger Wohnsitz und Lieferadresse zum Zeitpunkt des Vertragsschlusses au\u00dferhalb der Europ\u00e4ischen Union liegen.<\/p>\n\n\n\n<p>3.4\u2009Gem\u00e4\u00df \u00a7 312g Abs. 2 Nr. 9 BGB besteht ein Widerrufsrecht, soweit nichts anderes vereinbart ist, nicht bei Vertr\u00e4gen zur Erbringung von Dienstleistungen im Zusammenhang mit Freizeitbet\u00e4tigungen, wenn der Vertrag f\u00fcr die Erbringung einen spezifischen Termin oder Zeitraum vorsieht. Danach ist ein Widerrufsrecht auch bei Vertr\u00e4gen ausgeschlossen, die den Verkauf von Tickets f\u00fcr termingebundene Freizeitveranstaltungen zum Gegenstand haben.<\/p>\n\n\n\n<p>4) Preise und Zahlungsbedingungen<\/p>\n\n\n\n<p>4.1\u2009Sofern sich aus der Produktbeschreibung des Verk\u00e4ufers nichts anderes ergibt, handelt es sich bei den angegebenen Preisen um Gesamtpreise, die die gesetzliche Umsatzsteuer enthalten. Gegebenenfalls zus\u00e4tzlich anfallende Liefer- und Versandkosten werden in der jeweiligen Produktbeschreibung gesondert angegeben.<\/p>\n\n\n\n<p>4.2\u2009Bei Lieferungen in L\u00e4nder au\u00dferhalb der Europ\u00e4ischen Union k\u00f6nnen im Einzelfall weitere Kosten anfallen, die der Verk\u00e4ufer nicht zu vertreten hat und die vom Kunden zu tragen sind. Hierzu z\u00e4hlen beispielsweise Kosten f\u00fcr die Geld\u00fcbermittlung durch Kreditinstitute (z.B. \u00dcberweisungsgeb\u00fchren, Wechselkursgeb\u00fchren) oder einfuhrrechtliche Abgaben bzw. Steuern (z.B. Z\u00f6lle). Solche Kosten k\u00f6nnen in Bezug auf die Geld\u00fcbermittlung auch dann anfallen, wenn die Lieferung nicht in ein Land au\u00dferhalb der Europ\u00e4ischen Union erfolgt, der Kunde die Zahlung aber von einem Land au\u00dferhalb der Europ\u00e4ischen Union aus vornimmt.<\/p>\n\n\n\n<p>4.3\u2009Die Zahlungsm\u00f6glichkeit\/en wird\/werden dem Kunden im Online-Shop des Verk\u00e4ufers mitgeteilt. Diese sind Bank\u00fcberweisung, PayPal, Kreditkarte, Lastschrift und Rechnung.<\/p>\n\n\n\n<p>4.4\u2009Ist Vorauskasse per Bank\u00fcberweisung vereinbart, ist die Zahlung sofort nach Vertragsabschluss f\u00e4llig, sofern die Parteien keinen sp\u00e4teren F\u00e4lligkeitstermin vereinbart haben.<\/p>\n\n\n\n<p>4.5\u2009Bei Auswahl der Zahlungsart SEPA-Lastschrift ist der Rechnungsbetrag nach Erteilung eines SEPA-Lastschriftmandats, nicht jedoch vor Ablauf der Frist f\u00fcr die Vorabinformation zur Zahlung f\u00e4llig. Der Einzug der Lastschrift erfolgt, wenn die bestellte Ware das Lager des Verk\u00e4ufers verl\u00e4sst, nicht jedoch vor Ablauf der Frist f\u00fcr die Vorabinformation. Vorabinformation (\u201ePre-Notification\u201c) ist jede Mitteilung (z.B. Rechnung, Police, Vertrag) des Verk\u00e4ufers an den Kunden, die eine Belastung mittels SEPA-Lastschrift ank\u00fcndigt. Wird die Lastschrift mangels ausreichender Kontodeckung oder aufgrund der Angabe einer falschen Bankverbindung nicht eingel\u00f6st oder widerspricht der Kunde der Abbuchung, obwohl er hierzu nicht berechtigt ist, hat der Kunde die durch die R\u00fcckbuchung des jeweiligen Kreditinstituts entstehenden Geb\u00fchren zu tragen, wenn er dies zu vertreten hat.<\/p>\n\n\n\n<p>5) Liefer- und Versandbedingungen<\/p>\n\n\n\n<p>5.1\u2009Die Lieferung von Waren erfolgt auf dem Versandweg an die vom Kunden angegebene Lieferanschrift, sofern nichts anderes vereinbart ist. Bei der Abwicklung der Transaktion ist die in der Bestellabwicklung des Verk\u00e4ufers angegebene Lieferanschrift ma\u00dfgeblich.<\/p>\n\n\n\n<p>5.2\u2009Scheitert die Zustellung der Ware aus Gr\u00fcnden, die der Kunde zu vertreten hat, tr\u00e4gt der Kunde die dem Verk\u00e4ufer hierdurch entstehenden angemessenen Kosten. Dies gilt im Hinblick auf die Kosten f\u00fcr die Hinsendung nicht, wenn der Kunde sein Widerrufsrecht wirksam aus\u00fcbt. F\u00fcr die R\u00fccksendekosten gilt bei wirksamer Aus\u00fcbung des Widerrufsrechts durch den Kunden die in der Widerrufsbelehrung des Verk\u00e4ufers hierzu getroffene Regelung.<\/p>\n\n\n\n<p>5.3\u2009Bei Selbstabholung informiert der Verk\u00e4ufer den Kunden zun\u00e4chst per E-Mail dar\u00fcber, dass die von ihm bestellte Ware zur Abholung bereit steht. Nach Erhalt dieser E-Mail kann der Kunde die Ware nach Absprache mit dem Verk\u00e4ufer am Sitz des Verk\u00e4ufers abholen. In diesem Fall werden keine Versandkosten berechnet.<\/p>\n\n\n\n<p>6) Eigentumsvorbehalt<\/p>\n\n\n\n<p>Tritt der Verk\u00e4ufer in Vorleistung, beh\u00e4lt er sich bis zur vollst\u00e4ndigen Bezahlung des geschuldeten Kaufpreises das Eigentum an der gelieferten Ware vor.<\/p>\n\n\n\n<p>7) M\u00e4ngelhaftung (Gew\u00e4hrleistung)<\/p>\n\n\n\n<p>7.1\u2009Ist die Kaufsache mangelhaft, gelten die Vorschriften der gesetzlichen M\u00e4ngelhaftung.<\/p>\n\n\n\n<p>7.2\u2009Handelt der Kunde als Verbraucher, so wird er gebeten, angelieferte Waren mit offensichtlichen Transportsch\u00e4den bei dem Zusteller zu reklamieren und den Verk\u00e4ufer hiervon in Kenntnis zu setzen. Kommt der Kunde dem nicht nach, hat dies keinerlei Auswirkungen auf seine gesetzlichen oder vertraglichen M\u00e4ngelanspr\u00fcche.<\/p>\n\n\n\n<p>8) Besondere Bedingungen f\u00fcr die Verarbeitung von Waren nach bestimmten Vorgaben des Kunden<\/p>\n\n\n\n<p>8.1\u2009Schuldet der Verk\u00e4ufer nach dem Inhalt des Vertrages neben der Warenlieferung auch die Verarbeitung der Ware nach bestimmten Vorgaben des Kunden, hat der Kunde dem Verk\u00e4ufer alle f\u00fcr die Verarbeitung erforderlichen Inhalte wie Texte, Bilder oder Grafiken in den vom Verk\u00e4ufer vorgegebenen Dateiformaten, Formatierungen, Bild- und Dateigr\u00f6\u00dfen zur Verf\u00fcgung zu stellen und ihm die hierf\u00fcr erforderlichen Nutzungsrechte einzur\u00e4umen. F\u00fcr die Beschaffung und den Rechteerwerb an diesen Inhalten ist allein der Kunde verantwortlich. Der Kunde erkl\u00e4rt und \u00fcbernimmt die Verantwortung daf\u00fcr, dass er das Recht besitzt, die dem Verk\u00e4ufer \u00fcberlassenen Inhalte zu nutzen. Er tr\u00e4gt insbesondere daf\u00fcr Sorge, dass hierdurch keine Rechte Dritter verletzt werden, insbesondere Urheber-, Marken- und Pers\u00f6nlichkeitsrechte.<\/p>\n\n\n\n<p>8.2\u2009Der Kunde stellt den Verk\u00e4ufer von Anspr\u00fcchen Dritter frei, die diese im Zusammenhang mit einer Verletzung ihrer Rechte durch die vertragsgem\u00e4\u00dfe Nutzung der Inhalte des Kunden durch den Verk\u00e4ufer diesem gegen\u00fcber geltend machen k\u00f6nnen. Der Kunde \u00fcbernimmt hierbei auch die angemessenen Kosten der notwendigen Rechtsverteidigung einschlie\u00dflich aller Gerichts- und Anwaltskosten in gesetzlicher H\u00f6he. Dies gilt nicht, wenn die Rechtsverletzung vom Kunden nicht zu vertreten ist. Der Kunde ist verpflichtet, dem Verk\u00e4ufer im Falle einer Inanspruchnahme durch Dritte unverz\u00fcglich, wahrheitsgem\u00e4\u00df und vollst\u00e4ndig alle Informationen zur Verf\u00fcgung zu stellen, die f\u00fcr die Pr\u00fcfung der Anspr\u00fcche und eine Verteidigung erforderlich sind.<\/p>\n\n\n\n<p>8.3\u2009Der Verk\u00e4ufer beh\u00e4lt sich vor, Verarbeitungsauftr\u00e4ge abzulehnen, wenn die vom Kunden hierf\u00fcr \u00fcberlassenen Inhalte gegen gesetzliche oder beh\u00f6rdliche Verbote oder gegen die guten Sitten versto\u00dfen. Dies gilt insbesondere bei \u00dcberlassung verfassungsfeindlicher, rassistischer, fremdenfeindlicher, diskriminierender, beleidigender, Jugend gef\u00e4hrdender und\/oder Gewalt verherrlichender Inhalte.<\/p>\n\n\n\n<p>9) Anwendbares Recht<\/p>\n\n\n\n<p>9.1\u2009F\u00fcr s\u00e4mtliche Rechtsbeziehungen der Parteien gilt das Recht der Bundesrepublik Deutschland unter Ausschluss der Gesetze \u00fcber den internationalen Kauf beweglicher Waren. Bei Verbrauchern gilt diese Rechtswahl nur insoweit, als nicht der gew\u00e4hrte Schutz durch zwingende Bestimmungen des Rechts des Staates, in dem der Verbraucher seinen gew\u00f6hnlichen Aufenthalt hat, entzogen wird.<\/p>\n\n\n\n<p>9.2\u2009Ferner gilt diese Rechtswahl im Hinblick auf das gesetzliche Widerrufsrecht nicht bei Verbrauchern, die zum Zeitpunkt des Vertragsschlusses keinem Mitgliedstaat der Europ\u00e4ischen Union angeh\u00f6ren und deren alleiniger Wohnsitz und Lieferadresse zum Zeitpunkt des Vertragsschlusses au\u00dferhalb der Europ\u00e4ischen Union liegen.<\/p>\n\n\n\n<p>10) Alternative Streitbeilegung<\/p>\n\n\n\n<p>10.1\u2009Die EU-Kommission stellt im Internet unter folgendem Link eine Plattform zur Online-Streitbeilegung bereit: https:\/\/ec.europa.eu\/consumers\/odr<\/p>\n\n\n\n<p>Diese Plattform dient als Anlaufstelle zur au\u00dfergerichtlichen Beilegung von Streitigkeiten aus Online-Kauf- oder Dienstleistungsvertr\u00e4gen, an denen ein Verbraucher beteiligt ist.<\/p>\n\n\n\n<p>10.2\u2009Der Verk\u00e4ufer ist zur Teilnahme an einem Streitbeilegungsverfahren vor einer Verbraucherschlichtungsstelle weder verpflichtet noch bereit.<\/p>\n\n\n\n<p><\/p>\n\n\n\n<p>11) Besondere Bedingungen FiZ Vertr\u00e4ge<\/p>\n\n\n\n<p>Wir erm\u00f6glichen unseren Mitgliedern die Nutzung folgender Angebote zu einem fixem monatlichen Gesamtbeitrag* mit Vertragslaufzeiten von 12 Monaten:<br>\nFitness (Ausdauer und Kraft).<br>\n*Mindestvertragslaufzeit von 12 Monaten und monatlicher Vorauszahlung. Bei Zahlungsr\u00fcckstand von mehr als 2 Monaten wird der Gesamtbetrag der Vertragslaufzeit eingefordert.<br>\n1. Aufnahmegeb\u00fchren entfallen. Inklusive fachgerechter Trainingsbetreuung inkl. Ger\u00e4teeinweisung und Trainingsplanung f\u00fcr die Dauer der Erstlaufzeit.<br>\nAufbauende Trainingspl\u00e4ne werden danach gesondert mit je 15,00 \u20ac berechnet.<br>\nWird keine Betreuung gew\u00fcnscht, ist dies schriftlich zu beantragen.<br>\n2. Die Mitgliedschaft ist fr\u00fchestens zum Ende der ersten Vertragsdauer k\u00fcndbar mit einer Frist von 4 Wochen. Die K\u00fcndigung hat schriftlich zu erfolgen. Nach Ablauf der K\u00fcndigungsfrist erfolgt eine automatische Verl\u00e4ngerung des Vertrags zu den gleichen Konditionen und zur gleichen Vertragslaufzeit.<br>\n3. Das Sportstudio geht davon aus, dass das Mitglied sportgesund ist und keine Bedenken gegen eine Teilnahme bestehen.<br>\n4. Verst\u00f6\u00dfe gegen die Hausordnung berechtigen die Studioleitung, den Teilnehmer von der weiteren Benutzung auszuschlie\u00dfen.<br>\n5. Einverst\u00e4ndniserkl\u00e4rung zur Beitragsanpassung um max. 1,50\u20ac p.A. w\u00e4hrend der Mitgliedschaft.<br>\n6. Die Mitgliedschaft beginnt zu dem, im Vertrag definierten, Zeitpunkt.<br>\n7. Einzugserm\u00e4chtigung: Abbuchungsauftrag per SEPA Lastschrifteneinzug:<br>\nHiermit erteilt das Mitglied dem FiZ Karlstadt die widerrufliche Vollmacht, den vom Mitglied gew\u00e4hlten Mitgliedsbeitrag monatlich vom Konto des Mitglieds abzubuchen. Bei einer R\u00fccklastschrift wird eine Geb\u00fchr in H\u00f6he von 10\u20ac erhoben.<br>\n8. Das Mitglied ist mit der Speicherung seiner Daten zum Zwecke der Mitgliedschaft einverstanden. Die Daten werden nicht an Dritte weitergegeben.<br>\n9. Das Mitglied erkl\u00e4rt sich damit einverstanden auf eigene Gefahr zu trainieren, insofern sich kein Trainer im Studio befindet.<br>\n10. Bei Vertragswiderruf innerhalb der 14-t\u00e4gigen Frist erheben wir eine Aufwandsentsch\u00e4digung in H\u00f6he von 39,90\u20ac, insofern die Gym-Zutrittskarte nicht innerhalb von 48 Stunden zur\u00fcckgegeben wird. Diese Pauschale gilt auch f\u00fcr den Verlust der Karte.\n<\/p>\n","protected":false},"excerpt":{"rendered":"<p>1) Geltungsbereich 1.1\u2009Diese Allgemeinen Gesch\u00e4ftsbedingungen (nachfolgend \u201eAGB\u201c) von K\u00f6rperoptimierer, handelnd unter FiZ Karlstadt (nachfolgend \u201eVerk\u00e4ufer\u201c), gelten f\u00fcr alle Vertr\u00e4ge \u00fcber die Lieferung von Waren, die ein Verbraucher oder Unternehmer (nachfolgend \u201eKunde\u201c) mit dem Verk\u00e4ufer hinsichtlich der vom Verk\u00e4ufer in seinem Online-Shop dargestellten Waren abschlie\u00dft. Hiermit wird der Einbeziehung von eigenen Bedingungen des Kunden widersprochen, es<\/p>\n<div class=\"more-link\">\n\t\t\t\t <a href=\"https:\/\/koerperoptimierer.de\/index.php\/agb\/\" class=\"theme-btn theme-btn-line hvr-bounce-to-right\">Weiterlesen<\/a>\n\t\t\t<\/div>\n","protected":false},"author":1,"featured_media":0,"parent":0,"menu_order":0,"comment_status":"closed","ping_status":"closed","template":"","meta":{"footnotes":""},"yoast_head":"<!-- This site is optimized with the Yoast SEO plugin v22.5 - https:\/\/yoast.com\/wordpress\/plugins\/seo\/ -->\n<title>AGB - K\u00f6rperOptimierer by FiZ Karlstadt<\/title>\n<meta name=\"description\" content=\"Unsere allgemeinen Gesch\u00e4ftsbedingungen regeln den zugrundeliegendenen Vertrag zwischen uns und dem K\u00e4ufer unserer Produkte.\" \/>\n<meta name=\"robots\" content=\"index, follow, max-snippet:-1, max-image-preview:large, max-video-preview:-1\" \/>\n<link rel=\"canonical\" href=\"https:\/\/koerperoptimierer.de\/index.php\/agb\/\" \/>\n<meta property=\"og:locale\" content=\"de_DE\" \/>\n<meta property=\"og:type\" content=\"article\" \/>\n<meta property=\"og:title\" content=\"AGB - K\u00f6rperOptimierer by FiZ Karlstadt\" \/>\n<meta property=\"og:description\" content=\"Unsere allgemeinen Gesch\u00e4ftsbedingungen regeln den zugrundeliegendenen Vertrag zwischen uns und dem K\u00e4ufer unserer Produkte.\" \/>\n<meta property=\"og:url\" content=\"https:\/\/koerperoptimierer.de\/index.php\/agb\/\" \/>\n<meta property=\"og:site_name\" content=\"K\u00f6rperOptimierer by FiZ Karlstadt\" \/>\n<meta property=\"article:modified_time\" content=\"2026-01-29T21:22:34+00:00\" \/>\n<meta name=\"twitter:card\" content=\"summary_large_image\" \/>\n<meta name=\"twitter:label1\" content=\"Gesch\u00e4tzte Lesezeit\" \/>\n\t<meta name=\"twitter:data1\" content=\"12\u00a0Minuten\" \/>\n<script type=\"application\/ld+json\" class=\"yoast-schema-graph\">{\"@context\":\"https:\/\/schema.org\",\"@graph\":[{\"@type\":\"WebPage\",\"@id\":\"https:\/\/koerperoptimierer.de\/index.php\/agb\/\",\"url\":\"https:\/\/koerperoptimierer.de\/index.php\/agb\/\",\"name\":\"AGB - K\u00f6rperOptimierer by FiZ Karlstadt\",\"isPartOf\":{\"@id\":\"https:\/\/koerperoptimierer.de\/#website\"},\"datePublished\":\"2021-02-07T21:43:30+00:00\",\"dateModified\":\"2026-01-29T21:22:34+00:00\",\"description\":\"Unsere allgemeinen Gesch\u00e4ftsbedingungen regeln den zugrundeliegendenen Vertrag zwischen uns und dem K\u00e4ufer unserer Produkte.\",\"breadcrumb\":{\"@id\":\"https:\/\/koerperoptimierer.de\/index.php\/agb\/#breadcrumb\"},\"inLanguage\":\"de\",\"potentialAction\":[{\"@type\":\"ReadAction\",\"target\":[\"https:\/\/koerperoptimierer.de\/index.php\/agb\/\"]}]},{\"@type\":\"BreadcrumbList\",\"@id\":\"https:\/\/koerperoptimierer.de\/index.php\/agb\/#breadcrumb\",\"itemListElement\":[{\"@type\":\"ListItem\",\"position\":1,\"name\":\"Startseite\",\"item\":\"https:\/\/koerperoptimierer.de\/\"},{\"@type\":\"ListItem\",\"position\":2,\"name\":\"AGB\"}]},{\"@type\":\"WebSite\",\"@id\":\"https:\/\/koerperoptimierer.de\/#website\",\"url\":\"https:\/\/koerperoptimierer.de\/\",\"name\":\"K\u00f6rperOptimierer by FiZ Karlstadt\",\"description\":\"\",\"publisher\":{\"@id\":\"https:\/\/koerperoptimierer.de\/#organization\"},\"potentialAction\":[{\"@type\":\"SearchAction\",\"target\":{\"@type\":\"EntryPoint\",\"urlTemplate\":\"https:\/\/koerperoptimierer.de\/?s={search_term_string}\"},\"query-input\":\"required name=search_term_string\"}],\"inLanguage\":\"de\"},{\"@type\":\"Organization\",\"@id\":\"https:\/\/koerperoptimierer.de\/#organization\",\"name\":\"K\u00f6rperOptimierer by FiZ Karlstadt\",\"url\":\"https:\/\/koerperoptimierer.de\/\",\"logo\":{\"@type\":\"ImageObject\",\"inLanguage\":\"de\",\"@id\":\"https:\/\/koerperoptimierer.de\/#\/schema\/logo\/image\/\",\"url\":\"https:\/\/koerperoptimierer.de\/wp-content\/uploads\/2024\/01\/cropped-kleine-fizlogoneu-Kopieasdf-22-Kopie.jpg\",\"contentUrl\":\"https:\/\/koerperoptimierer.de\/wp-content\/uploads\/2024\/01\/cropped-kleine-fizlogoneu-Kopieasdf-22-Kopie.jpg\",\"width\":250,\"height\":87,\"caption\":\"K\u00f6rperOptimierer by FiZ Karlstadt\"},\"image\":{\"@id\":\"https:\/\/koerperoptimierer.de\/#\/schema\/logo\/image\/\"}}]}<\/script>\n<!-- \/ Yoast SEO plugin. -->","yoast_head_json":{"title":"AGB - K\u00f6rperOptimierer by FiZ Karlstadt","description":"Unsere allgemeinen Gesch\u00e4ftsbedingungen regeln den zugrundeliegendenen Vertrag zwischen uns und dem K\u00e4ufer unserer Produkte.","robots":{"index":"index","follow":"follow","max-snippet":"max-snippet:-1","max-image-preview":"max-image-preview:large","max-video-preview":"max-video-preview:-1"},"canonical":"https:\/\/koerperoptimierer.de\/index.php\/agb\/","og_locale":"de_DE","og_type":"article","og_title":"AGB - K\u00f6rperOptimierer by FiZ Karlstadt","og_description":"Unsere allgemeinen Gesch\u00e4ftsbedingungen regeln den zugrundeliegendenen Vertrag zwischen uns und dem K\u00e4ufer unserer Produkte.","og_url":"https:\/\/koerperoptimierer.de\/index.php\/agb\/","og_site_name":"K\u00f6rperOptimierer by FiZ Karlstadt","article_modified_time":"2026-01-29T21:22:34+00:00","twitter_card":"summary_large_image","twitter_misc":{"Gesch\u00e4tzte Lesezeit":"12\u00a0Minuten"},"schema":{"@context":"https:\/\/schema.org","@graph":[{"@type":"WebPage","@id":"https:\/\/koerperoptimierer.de\/index.php\/agb\/","url":"https:\/\/koerperoptimierer.de\/index.php\/agb\/","name":"AGB - K\u00f6rperOptimierer by FiZ Karlstadt","isPartOf":{"@id":"https:\/\/koerperoptimierer.de\/#website"},"datePublished":"2021-02-07T21:43:30+00:00","dateModified":"2026-01-29T21:22:34+00:00","description":"Unsere allgemeinen Gesch\u00e4ftsbedingungen regeln den zugrundeliegendenen Vertrag zwischen uns und dem K\u00e4ufer unserer Produkte.","breadcrumb":{"@id":"https:\/\/koerperoptimierer.de\/index.php\/agb\/#breadcrumb"},"inLanguage":"de","potentialAction":[{"@type":"ReadAction","target":["https:\/\/koerperoptimierer.de\/index.php\/agb\/"]}]},{"@type":"BreadcrumbList","@id":"https:\/\/koerperoptimierer.de\/index.php\/agb\/#breadcrumb","itemListElement":[{"@type":"ListItem","position":1,"name":"Startseite","item":"https:\/\/koerperoptimierer.de\/"},{"@type":"ListItem","position":2,"name":"AGB"}]},{"@type":"WebSite","@id":"https:\/\/koerperoptimierer.de\/#website","url":"https:\/\/koerperoptimierer.de\/","name":"K\u00f6rperOptimierer by FiZ Karlstadt","description":"","publisher":{"@id":"https:\/\/koerperoptimierer.de\/#organization"},"potentialAction":[{"@type":"SearchAction","target":{"@type":"EntryPoint","urlTemplate":"https:\/\/koerperoptimierer.de\/?s={search_term_string}"},"query-input":"required name=search_term_string"}],"inLanguage":"de"},{"@type":"Organization","@id":"https:\/\/koerperoptimierer.de\/#organization","name":"K\u00f6rperOptimierer by FiZ Karlstadt","url":"https:\/\/koerperoptimierer.de\/","logo":{"@type":"ImageObject","inLanguage":"de","@id":"https:\/\/koerperoptimierer.de\/#\/schema\/logo\/image\/","url":"https:\/\/koerperoptimierer.de\/wp-content\/uploads\/2024\/01\/cropped-kleine-fizlogoneu-Kopieasdf-22-Kopie.jpg","contentUrl":"https:\/\/koerperoptimierer.de\/wp-content\/uploads\/2024\/01\/cropped-kleine-fizlogoneu-Kopieasdf-22-Kopie.jpg","width":250,"height":87,"caption":"K\u00f6rperOptimierer by FiZ Karlstadt"},"image":{"@id":"https:\/\/koerperoptimierer.de\/#\/schema\/logo\/image\/"}}]}},"_links":{"self":[{"href":"https:\/\/koerperoptimierer.de\/index.php\/wp-json\/wp\/v2\/pages\/32"}],"collection":[{"href":"https:\/\/koerperoptimierer.de\/index.php\/wp-json\/wp\/v2\/pages"}],"about":[{"href":"https:\/\/koerperoptimierer.de\/index.php\/wp-json\/wp\/v2\/types\/page"}],"author":[{"embeddable":true,"href":"https:\/\/koerperoptimierer.de\/index.php\/wp-json\/wp\/v2\/users\/1"}],"replies":[{"embeddable":true,"href":"https:\/\/koerperoptimierer.de\/index.php\/wp-json\/wp\/v2\/comments?post=32"}],"version-history":[{"count":13,"href":"https:\/\/koerperoptimierer.de\/index.php\/wp-json\/wp\/v2\/pages\/32\/revisions"}],"predecessor-version":[{"id":1599,"href":"https:\/\/koerperoptimierer.de\/index.php\/wp-json\/wp\/v2\/pages\/32\/revisions\/1599"}],"wp:attachment":[{"href":"https:\/\/koerperoptimierer.de\/index.php\/wp-json\/wp\/v2\/media?parent=32"}],"curies":[{"name":"wp","href":"https:\/\/api.w.org\/{rel}","templated":true}]}}