{"id":136,"date":"2021-02-17T20:15:18","date_gmt":"2021-02-17T19:15:18","guid":{"rendered":"https:\/\/koerperoptimierer.de\/?page_id=136"},"modified":"2025-05-13T22:45:33","modified_gmt":"2025-05-13T20:45:33","slug":"kontakt","status":"publish","type":"page","link":"https:\/\/koerperoptimierer.de\/index.php\/kontakt\/","title":{"rendered":"Kontakt"},"content":{"rendered":"<p>Wende dich bei Fragen direkt an uns: <a href=\"https:\/\/fiz-karlstadt.de\/kontakt\/\" target=\"_blank\" rel=\"noopener\">Hier entlang<\/a><\/p>\n","protected":false},"excerpt":{"rendered":"<p>Wende dich bei Fragen direkt an uns: Hier entlang<\/p>\n","protected":false},"author":1,"featured_media":0,"parent":0,"menu_order":0,"comment_status":"closed","ping_status":"closed","template":"","meta":{"footnotes":""},"yoast_head":"<!-- This site is optimized with the Yoast SEO plugin v22.5 - https:\/\/yoast.com\/wordpress\/plugins\/seo\/ -->\n<title>Kontakt - K\u00f6rperOptimierer by FiZ Karlstadt<\/title>\n<meta name=\"description\" content=\"Kontaktiert uns \u00fcber unser Kontaktformular oder einfach direkt per E-Mail. Wir sind f\u00fcr euch da und beantworten alle eure Fragen!\" \/>\n<meta name=\"robots\" content=\"index, follow, max-snippet:-1, max-image-preview:large, max-video-preview:-1\" \/>\n<link rel=\"canonical\" href=\"https:\/\/koerperoptimierer.de\/index.php\/kontakt\/\" \/>\n<meta property=\"og:locale\" content=\"de_DE\" \/>\n<meta property=\"og:type\" content=\"article\" \/>\n<meta property=\"og:title\" content=\"Kontakt - K\u00f6rperOptimierer by FiZ Karlstadt\" \/>\n<meta property=\"og:description\" content=\"Kontaktiert uns \u00fcber unser Kontaktformular oder einfach direkt per E-Mail. Wir sind f\u00fcr euch da und beantworten alle eure Fragen!\" \/>\n<meta property=\"og:url\" content=\"https:\/\/koerperoptimierer.de\/index.php\/kontakt\/\" \/>\n<meta property=\"og:site_name\" content=\"K\u00f6rperOptimierer by FiZ Karlstadt\" \/>\n<meta property=\"article:modified_time\" content=\"2025-05-13T20:45:33+00:00\" \/>\n<meta name=\"twitter:card\" content=\"summary_large_image\" \/>\n<meta name=\"twitter:label1\" content=\"Gesch\u00e4tzte Lesezeit\" \/>\n\t<meta name=\"twitter:data1\" content=\"1\u00a0Minute\" \/>\n<script type=\"application\/ld+json\" class=\"yoast-schema-graph\">{\"@context\":\"https:\/\/schema.org\",\"@graph\":[{\"@type\":\"WebPage\",\"@id\":\"https:\/\/koerperoptimierer.de\/index.php\/kontakt\/\",\"url\":\"https:\/\/koerperoptimierer.de\/index.php\/kontakt\/\",\"name\":\"Kontakt - K\u00f6rperOptimierer by FiZ Karlstadt\",\"isPartOf\":{\"@id\":\"https:\/\/koerperoptimierer.de\/#website\"},\"datePublished\":\"2021-02-17T19:15:18+00:00\",\"dateModified\":\"2025-05-13T20:45:33+00:00\",\"description\":\"Kontaktiert uns \u00fcber unser Kontaktformular oder einfach direkt per E-Mail. Wir sind f\u00fcr euch da und beantworten alle eure Fragen!\",\"breadcrumb\":{\"@id\":\"https:\/\/koerperoptimierer.de\/index.php\/kontakt\/#breadcrumb\"},\"inLanguage\":\"de\",\"potentialAction\":[{\"@type\":\"ReadAction\",\"target\":[\"https:\/\/koerperoptimierer.de\/index.php\/kontakt\/\"]}]},{\"@type\":\"BreadcrumbList\",\"@id\":\"https:\/\/koerperoptimierer.de\/index.php\/kontakt\/#breadcrumb\",\"itemListElement\":[{\"@type\":\"ListItem\",\"position\":1,\"name\":\"Startseite\",\"item\":\"https:\/\/koerperoptimierer.de\/\"},{\"@type\":\"ListItem\",\"position\":2,\"name\":\"Kontakt\"}]},{\"@type\":\"WebSite\",\"@id\":\"https:\/\/koerperoptimierer.de\/#website\",\"url\":\"https:\/\/koerperoptimierer.de\/\",\"name\":\"K\u00f6rperOptimierer by FiZ Karlstadt\",\"description\":\"\",\"publisher\":{\"@id\":\"https:\/\/koerperoptimierer.de\/#organization\"},\"potentialAction\":[{\"@type\":\"SearchAction\",\"target\":{\"@type\":\"EntryPoint\",\"urlTemplate\":\"https:\/\/koerperoptimierer.de\/?s={search_term_string}\"},\"query-input\":\"required name=search_term_string\"}],\"inLanguage\":\"de\"},{\"@type\":\"Organization\",\"@id\":\"https:\/\/koerperoptimierer.de\/#organization\",\"name\":\"K\u00f6rperOptimierer by FiZ Karlstadt\",\"url\":\"https:\/\/koerperoptimierer.de\/\",\"logo\":{\"@type\":\"ImageObject\",\"inLanguage\":\"de\",\"@id\":\"https:\/\/koerperoptimierer.de\/#\/schema\/logo\/image\/\",\"url\":\"https:\/\/koerperoptimierer.de\/wp-content\/uploads\/2024\/01\/cropped-kleine-fizlogoneu-Kopieasdf-22-Kopie.jpg\",\"contentUrl\":\"https:\/\/koerperoptimierer.de\/wp-content\/uploads\/2024\/01\/cropped-kleine-fizlogoneu-Kopieasdf-22-Kopie.jpg\",\"width\":250,\"height\":87,\"caption\":\"K\u00f6rperOptimierer by FiZ Karlstadt\"},\"image\":{\"@id\":\"https:\/\/koerperoptimierer.de\/#\/schema\/logo\/image\/\"}}]}<\/script>\n<!-- \/ Yoast SEO plugin. -->","yoast_head_json":{"title":"Kontakt - K\u00f6rperOptimierer by FiZ Karlstadt","description":"Kontaktiert uns \u00fcber unser Kontaktformular oder einfach direkt per E-Mail. Wir sind f\u00fcr euch da und beantworten alle eure Fragen!","robots":{"index":"index","follow":"follow","max-snippet":"max-snippet:-1","max-image-preview":"max-image-preview:large","max-video-preview":"max-video-preview:-1"},"canonical":"https:\/\/koerperoptimierer.de\/index.php\/kontakt\/","og_locale":"de_DE","og_type":"article","og_title":"Kontakt - K\u00f6rperOptimierer by FiZ Karlstadt","og_description":"Kontaktiert uns \u00fcber unser Kontaktformular oder einfach direkt per E-Mail. Wir sind f\u00fcr euch da und beantworten alle eure Fragen!","og_url":"https:\/\/koerperoptimierer.de\/index.php\/kontakt\/","og_site_name":"K\u00f6rperOptimierer by FiZ Karlstadt","article_modified_time":"2025-05-13T20:45:33+00:00","twitter_card":"summary_large_image","twitter_misc":{"Gesch\u00e4tzte Lesezeit":"1\u00a0Minute"},"schema":{"@context":"https:\/\/schema.org","@graph":[{"@type":"WebPage","@id":"https:\/\/koerperoptimierer.de\/index.php\/kontakt\/","url":"https:\/\/koerperoptimierer.de\/index.php\/kontakt\/","name":"Kontakt - K\u00f6rperOptimierer by FiZ Karlstadt","isPartOf":{"@id":"https:\/\/koerperoptimierer.de\/#website"},"datePublished":"2021-02-17T19:15:18+00:00","dateModified":"2025-05-13T20:45:33+00:00","description":"Kontaktiert uns \u00fcber unser Kontaktformular oder einfach direkt per E-Mail. Wir sind f\u00fcr euch da und beantworten alle eure Fragen!","breadcrumb":{"@id":"https:\/\/koerperoptimierer.de\/index.php\/kontakt\/#breadcrumb"},"inLanguage":"de","potentialAction":[{"@type":"ReadAction","target":["https:\/\/koerperoptimierer.de\/index.php\/kontakt\/"]}]},{"@type":"BreadcrumbList","@id":"https:\/\/koerperoptimierer.de\/index.php\/kontakt\/#breadcrumb","itemListElement":[{"@type":"ListItem","position":1,"name":"Startseite","item":"https:\/\/koerperoptimierer.de\/"},{"@type":"ListItem","position":2,"name":"Kontakt"}]},{"@type":"WebSite","@id":"https:\/\/koerperoptimierer.de\/#website","url":"https:\/\/koerperoptimierer.de\/","name":"K\u00f6rperOptimierer by FiZ Karlstadt","description":"","publisher":{"@id":"https:\/\/koerperoptimierer.de\/#organization"},"potentialAction":[{"@type":"SearchAction","target":{"@type":"EntryPoint","urlTemplate":"https:\/\/koerperoptimierer.de\/?s={search_term_string}"},"query-input":"required name=search_term_string"}],"inLanguage":"de"},{"@type":"Organization","@id":"https:\/\/koerperoptimierer.de\/#organization","name":"K\u00f6rperOptimierer by FiZ Karlstadt","url":"https:\/\/koerperoptimierer.de\/","logo":{"@type":"ImageObject","inLanguage":"de","@id":"https:\/\/koerperoptimierer.de\/#\/schema\/logo\/image\/","url":"https:\/\/koerperoptimierer.de\/wp-content\/uploads\/2024\/01\/cropped-kleine-fizlogoneu-Kopieasdf-22-Kopie.jpg","contentUrl":"https:\/\/koerperoptimierer.de\/wp-content\/uploads\/2024\/01\/cropped-kleine-fizlogoneu-Kopieasdf-22-Kopie.jpg","width":250,"height":87,"caption":"K\u00f6rperOptimierer by FiZ Karlstadt"},"image":{"@id":"https:\/\/koerperoptimierer.de\/#\/schema\/logo\/image\/"}}]}},"_links":{"self":[{"href":"https:\/\/koerperoptimierer.de\/index.php\/wp-json\/wp\/v2\/pages\/136"}],"collection":[{"href":"https:\/\/koerperoptimierer.de\/index.php\/wp-json\/wp\/v2\/pages"}],"about":[{"href":"https:\/\/koerperoptimierer.de\/index.php\/wp-json\/wp\/v2\/types\/page"}],"author":[{"embeddable":true,"href":"https:\/\/koerperoptimierer.de\/index.php\/wp-json\/wp\/v2\/users\/1"}],"replies":[{"embeddable":true,"href":"https:\/\/koerperoptimierer.de\/index.php\/wp-json\/wp\/v2\/comments?post=136"}],"version-history":[{"count":2,"href":"https:\/\/koerperoptimierer.de\/index.php\/wp-json\/wp\/v2\/pages\/136\/revisions"}],"predecessor-version":[{"id":1279,"href":"https:\/\/koerperoptimierer.de\/index.php\/wp-json\/wp\/v2\/pages\/136\/revisions\/1279"}],"wp:attachment":[{"href":"https:\/\/koerperoptimierer.de\/index.php\/wp-json\/wp\/v2\/media?parent=136"}],"curies":[{"name":"wp","href":"https:\/\/api.w.org\/{rel}","templated":true}]}}