{"id":125,"date":"2021-02-16T15:25:15","date_gmt":"2021-02-16T14:25:15","guid":{"rendered":"https:\/\/koerperoptimierer.de\/?page_id=125"},"modified":"2021-02-18T10:53:26","modified_gmt":"2021-02-18T09:53:26","slug":"vitalprodukte","status":"publish","type":"page","link":"https:\/\/koerperoptimierer.de\/index.php\/vitalprodukte\/","title":{"rendered":"Vitalprodukte"},"content":{"rendered":"","protected":false},"excerpt":{"rendered":"","protected":false},"author":1,"featured_media":0,"parent":0,"menu_order":0,"comment_status":"closed","ping_status":"closed","template":"","meta":{"footnotes":""},"yoast_head":"<!-- This site is optimized with the Yoast SEO plugin v22.5 - https:\/\/yoast.com\/wordpress\/plugins\/seo\/ -->\n<title>Vitalprodukte - K\u00f6rperOptimierer by FiZ Karlstadt<\/title>\n<meta name=\"description\" content=\"Unsere Vitalprodukte runden eure DNA-Di\u00e4t hervorragend ab. W\u00e4hlt zwischen verschiedenen Eiweiss-Shakes oder fruchtigen Vitamin-Shots!\" \/>\n<meta name=\"robots\" content=\"index, follow, max-snippet:-1, max-image-preview:large, max-video-preview:-1\" \/>\n<link rel=\"canonical\" href=\"https:\/\/koerperoptimierer.de\/index.php\/vitalprodukte\/\" \/>\n<meta property=\"og:locale\" content=\"de_DE\" \/>\n<meta property=\"og:type\" content=\"article\" \/>\n<meta property=\"og:title\" content=\"Vitalprodukte - K\u00f6rperOptimierer by FiZ Karlstadt\" \/>\n<meta property=\"og:description\" content=\"Unsere Vitalprodukte runden eure DNA-Di\u00e4t hervorragend ab. W\u00e4hlt zwischen verschiedenen Eiweiss-Shakes oder fruchtigen Vitamin-Shots!\" \/>\n<meta property=\"og:url\" content=\"https:\/\/koerperoptimierer.de\/index.php\/vitalprodukte\/\" \/>\n<meta property=\"og:site_name\" content=\"K\u00f6rperOptimierer by FiZ Karlstadt\" \/>\n<meta property=\"article:modified_time\" content=\"2021-02-18T09:53:26+00:00\" \/>\n<meta name=\"twitter:card\" content=\"summary_large_image\" \/>\n<script type=\"application\/ld+json\" class=\"yoast-schema-graph\">{\"@context\":\"https:\/\/schema.org\",\"@graph\":[{\"@type\":\"WebPage\",\"@id\":\"https:\/\/koerperoptimierer.de\/index.php\/vitalprodukte\/\",\"url\":\"https:\/\/koerperoptimierer.de\/index.php\/vitalprodukte\/\",\"name\":\"Vitalprodukte - K\u00f6rperOptimierer by FiZ Karlstadt\",\"isPartOf\":{\"@id\":\"https:\/\/koerperoptimierer.de\/#website\"},\"datePublished\":\"2021-02-16T14:25:15+00:00\",\"dateModified\":\"2021-02-18T09:53:26+00:00\",\"description\":\"Unsere Vitalprodukte runden eure DNA-Di\u00e4t hervorragend ab. W\u00e4hlt zwischen verschiedenen Eiweiss-Shakes oder fruchtigen Vitamin-Shots!\",\"breadcrumb\":{\"@id\":\"https:\/\/koerperoptimierer.de\/index.php\/vitalprodukte\/#breadcrumb\"},\"inLanguage\":\"de\",\"potentialAction\":[{\"@type\":\"ReadAction\",\"target\":[\"https:\/\/koerperoptimierer.de\/index.php\/vitalprodukte\/\"]}]},{\"@type\":\"BreadcrumbList\",\"@id\":\"https:\/\/koerperoptimierer.de\/index.php\/vitalprodukte\/#breadcrumb\",\"itemListElement\":[{\"@type\":\"ListItem\",\"position\":1,\"name\":\"Startseite\",\"item\":\"https:\/\/koerperoptimierer.de\/\"},{\"@type\":\"ListItem\",\"position\":2,\"name\":\"Vitalprodukte\"}]},{\"@type\":\"WebSite\",\"@id\":\"https:\/\/koerperoptimierer.de\/#website\",\"url\":\"https:\/\/koerperoptimierer.de\/\",\"name\":\"K\u00f6rperOptimierer by FiZ Karlstadt\",\"description\":\"\",\"publisher\":{\"@id\":\"https:\/\/koerperoptimierer.de\/#organization\"},\"potentialAction\":[{\"@type\":\"SearchAction\",\"target\":{\"@type\":\"EntryPoint\",\"urlTemplate\":\"https:\/\/koerperoptimierer.de\/?s={search_term_string}\"},\"query-input\":\"required name=search_term_string\"}],\"inLanguage\":\"de\"},{\"@type\":\"Organization\",\"@id\":\"https:\/\/koerperoptimierer.de\/#organization\",\"name\":\"K\u00f6rperOptimierer by FiZ Karlstadt\",\"url\":\"https:\/\/koerperoptimierer.de\/\",\"logo\":{\"@type\":\"ImageObject\",\"inLanguage\":\"de\",\"@id\":\"https:\/\/koerperoptimierer.de\/#\/schema\/logo\/image\/\",\"url\":\"https:\/\/koerperoptimierer.de\/wp-content\/uploads\/2024\/01\/cropped-kleine-fizlogoneu-Kopieasdf-22-Kopie.jpg\",\"contentUrl\":\"https:\/\/koerperoptimierer.de\/wp-content\/uploads\/2024\/01\/cropped-kleine-fizlogoneu-Kopieasdf-22-Kopie.jpg\",\"width\":250,\"height\":87,\"caption\":\"K\u00f6rperOptimierer by FiZ Karlstadt\"},\"image\":{\"@id\":\"https:\/\/koerperoptimierer.de\/#\/schema\/logo\/image\/\"}}]}<\/script>\n<!-- \/ Yoast SEO plugin. -->","yoast_head_json":{"title":"Vitalprodukte - K\u00f6rperOptimierer by FiZ Karlstadt","description":"Unsere Vitalprodukte runden eure DNA-Di\u00e4t hervorragend ab. W\u00e4hlt zwischen verschiedenen Eiweiss-Shakes oder fruchtigen Vitamin-Shots!","robots":{"index":"index","follow":"follow","max-snippet":"max-snippet:-1","max-image-preview":"max-image-preview:large","max-video-preview":"max-video-preview:-1"},"canonical":"https:\/\/koerperoptimierer.de\/index.php\/vitalprodukte\/","og_locale":"de_DE","og_type":"article","og_title":"Vitalprodukte - K\u00f6rperOptimierer by FiZ Karlstadt","og_description":"Unsere Vitalprodukte runden eure DNA-Di\u00e4t hervorragend ab. W\u00e4hlt zwischen verschiedenen Eiweiss-Shakes oder fruchtigen Vitamin-Shots!","og_url":"https:\/\/koerperoptimierer.de\/index.php\/vitalprodukte\/","og_site_name":"K\u00f6rperOptimierer by FiZ Karlstadt","article_modified_time":"2021-02-18T09:53:26+00:00","twitter_card":"summary_large_image","schema":{"@context":"https:\/\/schema.org","@graph":[{"@type":"WebPage","@id":"https:\/\/koerperoptimierer.de\/index.php\/vitalprodukte\/","url":"https:\/\/koerperoptimierer.de\/index.php\/vitalprodukte\/","name":"Vitalprodukte - K\u00f6rperOptimierer by FiZ Karlstadt","isPartOf":{"@id":"https:\/\/koerperoptimierer.de\/#website"},"datePublished":"2021-02-16T14:25:15+00:00","dateModified":"2021-02-18T09:53:26+00:00","description":"Unsere Vitalprodukte runden eure DNA-Di\u00e4t hervorragend ab. W\u00e4hlt zwischen verschiedenen Eiweiss-Shakes oder fruchtigen Vitamin-Shots!","breadcrumb":{"@id":"https:\/\/koerperoptimierer.de\/index.php\/vitalprodukte\/#breadcrumb"},"inLanguage":"de","potentialAction":[{"@type":"ReadAction","target":["https:\/\/koerperoptimierer.de\/index.php\/vitalprodukte\/"]}]},{"@type":"BreadcrumbList","@id":"https:\/\/koerperoptimierer.de\/index.php\/vitalprodukte\/#breadcrumb","itemListElement":[{"@type":"ListItem","position":1,"name":"Startseite","item":"https:\/\/koerperoptimierer.de\/"},{"@type":"ListItem","position":2,"name":"Vitalprodukte"}]},{"@type":"WebSite","@id":"https:\/\/koerperoptimierer.de\/#website","url":"https:\/\/koerperoptimierer.de\/","name":"K\u00f6rperOptimierer by FiZ Karlstadt","description":"","publisher":{"@id":"https:\/\/koerperoptimierer.de\/#organization"},"potentialAction":[{"@type":"SearchAction","target":{"@type":"EntryPoint","urlTemplate":"https:\/\/koerperoptimierer.de\/?s={search_term_string}"},"query-input":"required name=search_term_string"}],"inLanguage":"de"},{"@type":"Organization","@id":"https:\/\/koerperoptimierer.de\/#organization","name":"K\u00f6rperOptimierer by FiZ Karlstadt","url":"https:\/\/koerperoptimierer.de\/","logo":{"@type":"ImageObject","inLanguage":"de","@id":"https:\/\/koerperoptimierer.de\/#\/schema\/logo\/image\/","url":"https:\/\/koerperoptimierer.de\/wp-content\/uploads\/2024\/01\/cropped-kleine-fizlogoneu-Kopieasdf-22-Kopie.jpg","contentUrl":"https:\/\/koerperoptimierer.de\/wp-content\/uploads\/2024\/01\/cropped-kleine-fizlogoneu-Kopieasdf-22-Kopie.jpg","width":250,"height":87,"caption":"K\u00f6rperOptimierer by FiZ Karlstadt"},"image":{"@id":"https:\/\/koerperoptimierer.de\/#\/schema\/logo\/image\/"}}]}},"_links":{"self":[{"href":"https:\/\/koerperoptimierer.de\/index.php\/wp-json\/wp\/v2\/pages\/125"}],"collection":[{"href":"https:\/\/koerperoptimierer.de\/index.php\/wp-json\/wp\/v2\/pages"}],"about":[{"href":"https:\/\/koerperoptimierer.de\/index.php\/wp-json\/wp\/v2\/types\/page"}],"author":[{"embeddable":true,"href":"https:\/\/koerperoptimierer.de\/index.php\/wp-json\/wp\/v2\/users\/1"}],"replies":[{"embeddable":true,"href":"https:\/\/koerperoptimierer.de\/index.php\/wp-json\/wp\/v2\/comments?post=125"}],"version-history":[{"count":1,"href":"https:\/\/koerperoptimierer.de\/index.php\/wp-json\/wp\/v2\/pages\/125\/revisions"}],"predecessor-version":[{"id":126,"href":"https:\/\/koerperoptimierer.de\/index.php\/wp-json\/wp\/v2\/pages\/125\/revisions\/126"}],"wp:attachment":[{"href":"https:\/\/koerperoptimierer.de\/index.php\/wp-json\/wp\/v2\/media?parent=125"}],"curies":[{"name":"wp","href":"https:\/\/api.w.org\/{rel}","templated":true}]}}